{"id":910,"date":"2018-07-02T11:39:02","date_gmt":"2018-07-02T09:39:02","guid":{"rendered":"https:\/\/colledellasinello.com\/?page_id=910"},"modified":"2018-07-05T11:32:50","modified_gmt":"2018-07-05T09:32:50","slug":"gebiet","status":"publish","type":"page","link":"https:\/\/colledellasinello.com\/en\/gebiet\/","title":{"rendered":"Gebiet"},"content":{"rendered":"<p>[ffb_section_0 unique_id=&#8221;295hv4q5&#8243; data=&#8221;%7B%22o%22%3A%7B%22gen%22%3A%7B%22ffsys-disabled%22%3A%220%22%2C%22ffsys-info%22%3A%22%7B%7D%22%2C%22type%22%3A%22fg-container-large%22%2C%22no-padding%22%3A%220%22%2C%22no-gutter%22%3A%220%22%2C%22gutter-size%22%3A%22%22%2C%22match-col%22%3A%220%22%2C%22match-col-sm%22%3A%22inherit%22%2C%22match-col-md%22%3A%22inherit%22%2C%22match-col-lg%22%3A%22inherit%22%2C%22show-divider%22%3A%220%22%2C%22divider%22%3A%7B%22divider-width%22%3A%221%22%2C%22divider-height%22%3A%22100%25%22%2C%22divider-h-alignment%22%3A%22left%22%2C%22divider-v-alignment%22%3A%22center%22%2C%22divider-color%22%3A%22%23c4c4c4%22%7D%2C%22force-fullwidth%22%3A%221%22%7D%2C%22b-m%22%3A%7B%22bg%22%3A%7B%22bg%22%3A%7B%220-%7C-image%22%3A%7B%22image%22%3A%7B%22image%22%3A%22%7B%5C%22id%5C%22%3A8%2C%5C%22url%5C%22%3A%5C%22https%3A%2F%2Fcolledellasinello.com%2Fwp-content%2Fuploads%2F2018%2F06%2Fcolle-dellasinello.jpg%5C%22%2C%5C%22width%5C%22%3A1300%2C%5C%22height%5C%22%3A731%7D%22%7D%7D%7D%7D%2C%22mg-xs%22%3A%7B%22t%22%3A%22-50%22%7D%2C%22mg-sm%22%3A%7B%22t%22%3A%22-100%22%7D%2C%22mg-md%22%3A%7B%22t%22%3A%22-200%22%7D%2C%22wh-xs%22%3A%7B%22h%22%3A%22450%22%7D%2C%22wh-md%22%3A%7B%22h%22%3A%22450%22%7D%7D%7D%7D&#8221;][ffb_column_1 unique_id=&#8221;295hv4q6&#8243; data=&#8221;%7B%22o%22%3A%7B%22gen%22%3A%7B%22ffsys-disabled%22%3A%220%22%2C%22ffsys-info%22%3A%22%7B%7D%22%2C%22xs%22%3A%2212%22%2C%22sm%22%3A%22unset%22%2C%22md%22%3A%2212%22%2C%22lg%22%3A%22unset%22%2C%22is-centered%22%3A%220%22%2C%22is-bg-clipped%22%3A%220%22%2C%22xs-last%22%3A%22no%22%2C%22sm-last%22%3A%22unset%22%2C%22md-last%22%3A%22unset%22%2C%22lg-last%22%3A%22unset%22%2C%22xs-offset%22%3A%22unset%22%2C%22sm-offset%22%3A%22unset%22%2C%22md-offset%22%3A%22unset%22%2C%22lg-offset%22%3A%22unset%22%2C%22xs-pull%22%3A%22unset%22%2C%22sm-pull%22%3A%22unset%22%2C%22md-pull%22%3A%22unset%22%2C%22lg-pull%22%3A%22unset%22%2C%22xs-push%22%3A%22unset%22%2C%22sm-push%22%3A%22unset%22%2C%22md-push%22%3A%22unset%22%2C%22lg-push%22%3A%22unset%22%2C%22xs-overlap%22%3A%22no%22%2C%22sm-overlap%22%3A%22unset%22%2C%22md-overlap%22%3A%22unset%22%2C%22lg-overlap%22%3A%22unset%22%7D%7D%7D&#8221;][\/ffb_column_1][\/ffb_section_0][ffb_section_0 unique_id=&#8221;295i1jq1&#8243; data=&#8221;%7B%22o%22%3A%7B%22gen%22%3A%7B%22ffsys-disabled%22%3A%220%22%2C%22ffsys-info%22%3A%22%7B%7D%22%2C%22type%22%3A%22fg-container-fluid%22%2C%22no-padding%22%3A%221%22%2C%22no-gutter%22%3A%220%22%2C%22gutter-size%22%3A%22%22%2C%22match-col%22%3A%220%22%2C%22match-col-sm%22%3A%22inherit%22%2C%22match-col-md%22%3A%22inherit%22%2C%22match-col-lg%22%3A%22inherit%22%2C%22show-divider%22%3A%220%22%2C%22divider%22%3A%7B%22divider-width%22%3A%221%22%2C%22divider-height%22%3A%22100%25%22%2C%22divider-h-alignment%22%3A%22left%22%2C%22divider-v-alignment%22%3A%22center%22%2C%22divider-color%22%3A%22%23c4c4c4%22%7D%2C%22force-fullwidth%22%3A%221%22%7D%7D%7D&#8221;][ffb_column_1 unique_id=&#8221;295i1jq2&#8243; data=&#8221;%7B%22o%22%3A%7B%22gen%22%3A%7B%22ffsys-disabled%22%3A%220%22%2C%22ffsys-info%22%3A%22%7B%7D%22%2C%22xs%22%3A%2212%22%2C%22sm%22%3A%22unset%22%2C%22md%22%3A%226%22%2C%22lg%22%3A%22unset%22%2C%22is-centered%22%3A%220%22%2C%22not-equalize%22%3A%220%22%2C%22is-bg-clipped%22%3A%220%22%2C%22xs-last%22%3A%22no%22%2C%22sm-last%22%3A%22unset%22%2C%22md-last%22%3A%22unset%22%2C%22lg-last%22%3A%22unset%22%2C%22xs-offset%22%3A%22unset%22%2C%22sm-offset%22%3A%22unset%22%2C%22md-offset%22%3A%22unset%22%2C%22lg-offset%22%3A%22unset%22%2C%22xs-pull%22%3A%22unset%22%2C%22sm-pull%22%3A%22unset%22%2C%22md-pull%22%3A%22unset%22%2C%22lg-pull%22%3A%22unset%22%2C%22xs-push%22%3A%22unset%22%2C%22sm-push%22%3A%22unset%22%2C%22md-push%22%3A%22unset%22%2C%22lg-push%22%3A%22unset%22%2C%22xs-overlap%22%3A%22no%22%2C%22sm-overlap%22%3A%22unset%22%2C%22md-overlap%22%3A%22unset%22%2C%22lg-overlap%22%3A%22unset%22%7D%2C%22b-m%22%3A%7B%22pd-xs%22%3A%7B%22t%22%3A%2280%22%2C%22r%22%3A%2280%22%2C%22b%22%3A%2280%22%2C%22l%22%3A%2280%22%7D%2C%22pd-md%22%3A%7B%22t%22%3A%2240%22%2C%22b%22%3A%220%22%7D%7D%7D%7D&#8221;][ffb_heading_2 unique_id=&#8221;295i1v8b&#8221; data=&#8221;%7B%22o%22%3A%7B%22gen%22%3A%7B%22ffsys-disabled%22%3A%220%22%2C%22ffsys-info%22%3A%22%7B%7D%22%2C%22text-is-richtext%22%3A%220%22%2C%22tag%22%3A%22h2%22%2C%22align%22%3A%22text-left%22%2C%22align-sm%22%3A%22%22%2C%22align-md%22%3A%22%22%2C%22align-lg%22%3A%22%22%7D%2C%22clrs%22%3A%7B%22font-size-md%22%3A%2250%22%7D%7D%7D&#8221;][ffb_param route=&#8221;o gen text&#8221;]&#8221;Ein gastfreundlicher Ort, reich an Geschichte und Tradition\u201c[\/ffb_param][\/ffb_heading_2][ffb_paragraph_2 unique_id=&#8221;295i2b9g&#8221; data=&#8221;%7B%22o%22%3A%7B%22gen%22%3A%7B%22ffsys-disabled%22%3A%220%22%2C%22ffsys-info%22%3A%22%7B%7D%22%2C%22text-is-richtext%22%3A%220%22%2C%22align%22%3A%22text-left%22%2C%22align-sm%22%3A%22%22%2C%22align-md%22%3A%22%22%2C%22align-lg%22%3A%22%22%7D%2C%22clrs%22%3A%7B%22font-size%22%3A%2218%22%7D%7D%7D&#8221;][ffb_param route=&#8221;o gen text&#8221;]<\/p>\n<p>Colle dell&#8217;Asinello liegen in Umbrien, in einer h\u00fcgeligen und windigen Gegend, komplett von unber\u00fchrtem Wald umgab mit herrlichem Panoramablick auf Alviano der nat\u00fcrliche Oase in einem Gebiet, das auch immer war mit der Natur, Spiritualit\u00e4t, Tradition, Geschichte.<\/p>\n<p>All dies ist in der Sch\u00f6nheit von einigen der Stadt leicht zu erreichen Kunst reflektiert wie Orvieto und Todi sowie gibt es viele kleine malerische umbrischen D\u00f6rfern mit jeweils eigenen Besonderheiten.<\/p>\n<p><em>Ein paar Kilometer von der Unterkunft entfernt:<\/em><\/p>\n<ul>\n<li>7 km &#8211; Alviano (WWF Naturoase)<\/li>\n<li>8,5 km &#8211; Montecchio (etruskische Nekropolen und Oliven\u00f6l-Museum)<\/li>\n<li>21 km &#8211; Amelia (Altstadt, Rio Grande Park)<\/li>\n<li>25 km &#8211; Orvieto (Altstadt, Kathedrale, etruskische Museen, Orvieto Underground)<\/li>\n<li>29 km Bomarzo (Park des Monsters)<\/li>\n<li>31 km Civita di Bagnoregio (Dorf)<\/li>\n<li>35 km Orte &#8211; Thermalb\u00e4der<\/li>\n<li>36 km &#8211; Todi (historisches Zentrum, Piazza del Popolo, das Schutzgebiet von Trost)<\/li>\n<li>39 km &#8211; Bolsena-See (der See, die Altstadt, Heimatmuseum)<\/li>\n<li>45 km Terni (die Stadt Valentinstag, Marmore Falls, Carsulae Arch\u00e4ologischen Bereich)<\/li>\n<li>48 km Viterbo (Stadtzentrum, mittelalterliche Viertel, Terme dei Papi)<\/li>\n<\/ul>\n<p><em><strong>Seismische Informationen \u00fcber das Gebiet:<\/strong><\/em><\/p>\n<p>die Erdbebenzone f\u00fcr das Gebiet von Guardea, angegeben in der Verordnung des Pr\u00e4sidenten des Ministerrats Nr. 3274\/2003, aktualisiert durch die Resolution des Regionalrates der Region Umbrien n. 1111 18. September 2012 (BUR n. 47 von 03.10.2012). <br \/>Erdbebenzone. 3<\/p>\n<p>Zone niedrige seismische Gef\u00e4hrdung, die zu moderaten Beben unterliegt.<\/p>\n<p><em>Links zum Thema:<\/em><\/p>\n<ul>\n<li>Orvieto, Tourismus und Informationsportal:<a href=\"http:\/\/www.orvietoviva.com\/\" target=\"_blank\" rel=\"noopener\">www.orvietoviva.com<\/a><\/li>\n<li>Bomarzo Park Monster: <a href=\"http:\/\/www.sacrobosco.it\/\" target=\"_blank\" rel=\"noopener\">www.sacrobosco.it<\/a><\/li>\n<\/ul>\n<p>[\/ffb_param][\/ffb_paragraph_2][\/ffb_column_1][ffb_column_1 unique_id=&#8221;295i1jq3&#8243; data=&#8221;%7B%22o%22%3A%7B%22gen%22%3A%7B%22ffsys-disabled%22%3A%220%22%2C%22ffsys-info%22%3A%22%7B%7D%22%2C%22xs%22%3A%2212%22%2C%22sm%22%3A%22unset%22%2C%22md%22%3A%226%22%2C%22lg%22%3A%22unset%22%2C%22is-centered%22%3A%220%22%2C%22not-equalize%22%3A%220%22%2C%22is-bg-clipped%22%3A%220%22%2C%22xs-last%22%3A%22no%22%2C%22sm-last%22%3A%22unset%22%2C%22md-last%22%3A%22unset%22%2C%22lg-last%22%3A%22unset%22%2C%22xs-offset%22%3A%22unset%22%2C%22sm-offset%22%3A%22unset%22%2C%22md-offset%22%3A%22unset%22%2C%22lg-offset%22%3A%22unset%22%2C%22xs-pull%22%3A%22unset%22%2C%22sm-pull%22%3A%22unset%22%2C%22md-pull%22%3A%22unset%22%2C%22lg-pull%22%3A%22unset%22%2C%22xs-push%22%3A%22unset%22%2C%22sm-push%22%3A%22unset%22%2C%22md-push%22%3A%22unset%22%2C%22lg-push%22%3A%22unset%22%2C%22xs-overlap%22%3A%22no%22%2C%22sm-overlap%22%3A%22unset%22%2C%22md-overlap%22%3A%22unset%22%2C%22lg-overlap%22%3A%22unset%22%7D%2C%22b-m%22%3A%7B%22pd-xs%22%3A%7B%22r%22%3A%220%22%2C%22l%22%3A%220%22%7D%2C%22mg-xs%22%3A%7B%22r%22%3A%220%22%2C%22l%22%3A%220%22%7D%7D%7D%7D&#8221;][ffb_image_2 unique_id=&#8221;295i5r9a&#8221; data=&#8221;%7B%22o%22%3A%7B%22gen%22%3A%7B%22ffsys-disabled%22%3A%220%22%2C%22ffsys-info%22%3A%22%7B%7D%22%2C%22img%22%3A%7B%22img%22%3A%22%7B%5C%22id%5C%22%3A477%2C%5C%22url%5C%22%3A%5C%22https%3A%2F%2Fcolledellasinello.com%2Fwp-content%2Fuploads%2F2018%2F06%2Ftorio-casinello1.jpg%5C%22%2C%5C%22width%5C%22%3A1024%2C%5C%22height%5C%22%3A681%7D%22%2C%22responsive%22%3A%220%22%7D%2C%22blank%22%3A%22null%22%7D%7D%7D&#8221;][\/ffb_image_2][\/ffb_column_1][\/ffb_section_0][ffb_section_0 unique_id=&#8221;295ibhr9&#8243; data=&#8221;%7B%22o%22%3A%7B%22gen%22%3A%7B%22ffsys-disabled%22%3A%220%22%2C%22ffsys-info%22%3A%22%7B%7D%22%2C%22type%22%3A%22fg-container-fluid%22%2C%22no-padding%22%3A%221%22%2C%22no-gutter%22%3A%221%22%2C%22gutter-size%22%3A%22%22%2C%22match-col%22%3A%220%22%2C%22match-col-sm%22%3A%22inherit%22%2C%22match-col-md%22%3A%22inherit%22%2C%22match-col-lg%22%3A%22inherit%22%2C%22show-divider%22%3A%220%22%2C%22divider%22%3A%7B%22divider-width%22%3A%221%22%2C%22divider-height%22%3A%22100%25%22%2C%22divider-h-alignment%22%3A%22left%22%2C%22divider-v-alignment%22%3A%22center%22%2C%22divider-color%22%3A%22%23c4c4c4%22%7D%2C%22force-fullwidth%22%3A%221%22%7D%7D%7D&#8221;][ffb_column_1 unique_id=&#8221;295ibhra&#8221; data=&#8221;%7B%22o%22%3A%7B%22gen%22%3A%7B%22ffsys-disabled%22%3A%220%22%2C%22ffsys-info%22%3A%22%7B%7D%22%2C%22xs%22%3A%2212%22%2C%22sm%22%3A%22unset%22%2C%22md%22%3A%2212%22%2C%22lg%22%3A%22unset%22%2C%22is-centered%22%3A%220%22%2C%22is-bg-clipped%22%3A%220%22%2C%22xs-last%22%3A%22no%22%2C%22sm-last%22%3A%22unset%22%2C%22md-last%22%3A%22unset%22%2C%22lg-last%22%3A%22unset%22%2C%22xs-offset%22%3A%22unset%22%2C%22sm-offset%22%3A%22unset%22%2C%22md-offset%22%3A%22unset%22%2C%22lg-offset%22%3A%22unset%22%2C%22xs-pull%22%3A%22unset%22%2C%22sm-pull%22%3A%22unset%22%2C%22md-pull%22%3A%22unset%22%2C%22lg-pull%22%3A%22unset%22%2C%22xs-push%22%3A%22unset%22%2C%22sm-push%22%3A%22unset%22%2C%22md-push%22%3A%22unset%22%2C%22lg-push%22%3A%22unset%22%2C%22xs-overlap%22%3A%22no%22%2C%22sm-overlap%22%3A%22unset%22%2C%22md-overlap%22%3A%22unset%22%2C%22lg-overlap%22%3A%22unset%22%7D%7D%7D&#8221;][ffb_row_2 unique_id=&#8221;295ibqf7&#8243; data=&#8221;%7B%22o%22%3A%7B%22gen%22%3A%7B%22ffsys-disabled%22%3A%220%22%2C%22ffsys-info%22%3A%22%7B%7D%22%2C%22no-gutter%22%3A%221%22%2C%22gutter-size%22%3A%22%22%2C%22match-col%22%3A%220%22%2C%22match-col-sm%22%3A%22inherit%22%2C%22match-col-md%22%3A%22inherit%22%2C%22match-col-lg%22%3A%22inherit%22%2C%22show-divider%22%3A%220%22%2C%22divider%22%3A%7B%22divider-width%22%3A%221%22%2C%22divider-height%22%3A%22100%25%22%2C%22divider-h-alignment%22%3A%22left%22%2C%22divider-v-alignment%22%3A%22center%22%2C%22divider-color%22%3A%22%23c4c4c4%22%7D%7D%7D%7D&#8221;][ffb_column_3 unique_id=&#8221;295ibraj&#8221; data=&#8221;%7B%22o%22%3A%7B%22gen%22%3A%7B%22ffsys-disabled%22%3A%220%22%2C%22ffsys-info%22%3A%22%7B%7D%22%2C%22xs%22%3A%2212%22%2C%22sm%22%3A%223%22%2C%22md%22%3A%223%22%2C%22lg%22%3A%22unset%22%2C%22is-centered%22%3A%220%22%2C%22not-equalize%22%3A%220%22%2C%22is-bg-clipped%22%3A%220%22%2C%22xs-last%22%3A%22no%22%2C%22sm-last%22%3A%22unset%22%2C%22md-last%22%3A%22unset%22%2C%22lg-last%22%3A%22unset%22%2C%22xs-offset%22%3A%22unset%22%2C%22sm-offset%22%3A%22unset%22%2C%22md-offset%22%3A%22unset%22%2C%22lg-offset%22%3A%22unset%22%2C%22xs-pull%22%3A%22unset%22%2C%22sm-pull%22%3A%22unset%22%2C%22md-pull%22%3A%22unset%22%2C%22lg-pull%22%3A%22unset%22%2C%22xs-push%22%3A%22unset%22%2C%22sm-push%22%3A%22unset%22%2C%22md-push%22%3A%22unset%22%2C%22lg-push%22%3A%22unset%22%2C%22xs-overlap%22%3A%22no%22%2C%22sm-overlap%22%3A%22unset%22%2C%22md-overlap%22%3A%22unset%22%2C%22lg-overlap%22%3A%22unset%22%7D%2C%22b-m%22%3A%7B%22mg-xs%22%3A%7B%22t%22%3A%220%22%2C%22r%22%3A%220%22%2C%22b%22%3A%220%22%2C%22l%22%3A%220%22%7D%7D%7D%7D&#8221;][ffb_image_4 unique_id=&#8221;295ibvee&#8221; data=&#8221;%7B%22o%22%3A%7B%22gen%22%3A%7B%22ffsys-disabled%22%3A%220%22%2C%22ffsys-info%22%3A%22%7B%7D%22%2C%22img%22%3A%7B%22img%22%3A%22%7B%5C%22id%5C%22%3A480%2C%5C%22url%5C%22%3A%5C%22https%3A%2F%2Fcolledellasinello.com%2Fwp-content%2Fuploads%2F2018%2F06%2Ftorio-casinello4.jpg%5C%22%2C%5C%22width%5C%22%3A1024%2C%5C%22height%5C%22%3A768%7D%22%2C%22resize%22%3A%221%22%2C%22width%22%3A%22auto%22%2C%22height%22%3A%22317px%22%2C%22fullwidth%22%3A%221%22%7D%2C%22link%22%3A%7B%22type%22%3A%22lightbox-image%22%2C%22img%22%3A%22%7B%5C%22id%5C%22%3A480%2C%5C%22url%5C%22%3A%5C%22https%3A%2F%2Fcolledellasinello.com%2Fwp-content%2Fuploads%2F2018%2F06%2Ftorio-casinello4.jpg%5C%22%2C%5C%22width%5C%22%3A1024%2C%5C%22height%5C%22%3A768%7D%22%7D%2C%22blank%22%3A%22null%22%7D%7D%7D&#8221;][\/ffb_image_4][\/ffb_column_3][ffb_column_3 unique_id=&#8221;295ijg8e&#8221; data=&#8221;%7B%22o%22%3A%7B%22gen%22%3A%7B%22ffsys-disabled%22%3A%220%22%2C%22ffsys-info%22%3A%22%7B%7D%22%2C%22xs%22%3A%2212%22%2C%22sm%22%3A%223%22%2C%22md%22%3A%223%22%2C%22lg%22%3A%22unset%22%2C%22is-centered%22%3A%220%22%2C%22not-equalize%22%3A%220%22%2C%22is-bg-clipped%22%3A%220%22%2C%22xs-last%22%3A%22no%22%2C%22sm-last%22%3A%22unset%22%2C%22md-last%22%3A%22unset%22%2C%22lg-last%22%3A%22unset%22%2C%22xs-offset%22%3A%22unset%22%2C%22sm-offset%22%3A%22unset%22%2C%22md-offset%22%3A%22unset%22%2C%22lg-offset%22%3A%22unset%22%2C%22xs-pull%22%3A%22unset%22%2C%22sm-pull%22%3A%22unset%22%2C%22md-pull%22%3A%22unset%22%2C%22lg-pull%22%3A%22unset%22%2C%22xs-push%22%3A%22unset%22%2C%22sm-push%22%3A%22unset%22%2C%22md-push%22%3A%22unset%22%2C%22lg-push%22%3A%22unset%22%2C%22xs-overlap%22%3A%22no%22%2C%22sm-overlap%22%3A%22unset%22%2C%22md-overlap%22%3A%22unset%22%2C%22lg-overlap%22%3A%22unset%22%7D%2C%22b-m%22%3A%7B%22mg-xs%22%3A%7B%22t%22%3A%220%22%2C%22r%22%3A%220%22%2C%22b%22%3A%220%22%2C%22l%22%3A%220%22%7D%7D%7D%7D&#8221;][ffb_image_4 unique_id=&#8221;295ijg8f&#8221; data=&#8221;%7B%22o%22%3A%7B%22gen%22%3A%7B%22ffsys-disabled%22%3A%220%22%2C%22ffsys-info%22%3A%22%7B%7D%22%2C%22img%22%3A%7B%22img%22%3A%22%7B%5C%22id%5C%22%3A478%2C%5C%22url%5C%22%3A%5C%22https%3A%2F%2Fcolledellasinello.com%2Fwp-content%2Fuploads%2F2018%2F06%2Fcini-fotogallery.gif%5C%22%2C%5C%22width%5C%22%3A800%2C%5C%22height%5C%22%3A600%7D%22%2C%22resize%22%3A%221%22%2C%22width%22%3A%22auto%22%2C%22height%22%3A%22317px%22%2C%22fullwidth%22%3A%221%22%7D%2C%22link%22%3A%7B%22type%22%3A%22lightbox-image%22%2C%22img%22%3A%22%7B%5C%22id%5C%22%3A478%2C%5C%22url%5C%22%3A%5C%22https%3A%2F%2Fcolledellasinello.com%2Fwp-content%2Fuploads%2F2018%2F06%2Fcini-fotogallery.gif%5C%22%2C%5C%22width%5C%22%3A800%2C%5C%22height%5C%22%3A600%7D%22%7D%2C%22blank%22%3A%22null%22%7D%7D%7D&#8221;][\/ffb_image_4][\/ffb_column_3][ffb_column_3 unique_id=&#8221;295ifgpl&#8221; data=&#8221;%7B%22o%22%3A%7B%22gen%22%3A%7B%22ffsys-disabled%22%3A%220%22%2C%22ffsys-info%22%3A%22%7B%7D%22%2C%22xs%22%3A%2212%22%2C%22sm%22%3A%223%22%2C%22md%22%3A%223%22%2C%22lg%22%3A%22unset%22%2C%22is-centered%22%3A%220%22%2C%22not-equalize%22%3A%220%22%2C%22is-bg-clipped%22%3A%220%22%2C%22xs-last%22%3A%22no%22%2C%22sm-last%22%3A%22unset%22%2C%22md-last%22%3A%22unset%22%2C%22lg-last%22%3A%22unset%22%2C%22xs-offset%22%3A%22unset%22%2C%22sm-offset%22%3A%22unset%22%2C%22md-offset%22%3A%22unset%22%2C%22lg-offset%22%3A%22unset%22%2C%22xs-pull%22%3A%22unset%22%2C%22sm-pull%22%3A%22unset%22%2C%22md-pull%22%3A%22unset%22%2C%22lg-pull%22%3A%22unset%22%2C%22xs-push%22%3A%22unset%22%2C%22sm-push%22%3A%22unset%22%2C%22md-push%22%3A%22unset%22%2C%22lg-push%22%3A%22unset%22%2C%22xs-overlap%22%3A%22no%22%2C%22sm-overlap%22%3A%22unset%22%2C%22md-overlap%22%3A%22unset%22%2C%22lg-overlap%22%3A%22unset%22%7D%2C%22b-m%22%3A%7B%22mg-xs%22%3A%7B%22t%22%3A%220%22%2C%22r%22%3A%220%22%2C%22b%22%3A%220%22%2C%22l%22%3A%220%22%7D%7D%7D%7D&#8221;][ffb_image_4 unique_id=&#8221;295ifgpm&#8221; data=&#8221;%7B%22o%22%3A%7B%22gen%22%3A%7B%22ffsys-disabled%22%3A%220%22%2C%22ffsys-info%22%3A%22%7B%7D%22%2C%22img%22%3A%7B%22img%22%3A%22%7B%5C%22id%5C%22%3A701%2C%5C%22url%5C%22%3A%5C%22https%3A%2F%2Fcolledellasinello.com%2Fwp-content%2Fuploads%2F2018%2F06%2Fcerbiatti.jpg%5C%22%2C%5C%22width%5C%22%3A1024%2C%5C%22height%5C%22%3A768%7D%22%2C%22resize%22%3A%221%22%2C%22height%22%3A%22317px%22%2C%22fullwidth%22%3A%221%22%7D%2C%22link%22%3A%7B%22type%22%3A%22lightbox-image%22%2C%22img%22%3A%22%7B%5C%22id%5C%22%3A701%2C%5C%22url%5C%22%3A%5C%22https%3A%2F%2Fcolledellasinello.com%2Fwp-content%2Fuploads%2F2018%2F06%2Fcerbiatti.jpg%5C%22%2C%5C%22width%5C%22%3A1024%2C%5C%22height%5C%22%3A768%7D%22%7D%2C%22blank%22%3A%22null%22%7D%7D%7D&#8221;][\/ffb_image_4][\/ffb_column_3][ffb_column_3 unique_id=&#8221;295ikasc&#8221; data=&#8221;%7B%22o%22%3A%7B%22gen%22%3A%7B%22ffsys-disabled%22%3A%220%22%2C%22ffsys-info%22%3A%22%7B%7D%22%2C%22xs%22%3A%2212%22%2C%22sm%22%3A%223%22%2C%22md%22%3A%223%22%2C%22lg%22%3A%22unset%22%2C%22is-centered%22%3A%220%22%2C%22not-equalize%22%3A%220%22%2C%22is-bg-clipped%22%3A%220%22%2C%22xs-last%22%3A%22no%22%2C%22sm-last%22%3A%22unset%22%2C%22md-last%22%3A%22unset%22%2C%22lg-last%22%3A%22unset%22%2C%22xs-offset%22%3A%22unset%22%2C%22sm-offset%22%3A%22unset%22%2C%22md-offset%22%3A%22unset%22%2C%22lg-offset%22%3A%22unset%22%2C%22xs-pull%22%3A%22unset%22%2C%22sm-pull%22%3A%22unset%22%2C%22md-pull%22%3A%22unset%22%2C%22lg-pull%22%3A%22unset%22%2C%22xs-push%22%3A%22unset%22%2C%22sm-push%22%3A%22unset%22%2C%22md-push%22%3A%22unset%22%2C%22lg-push%22%3A%22unset%22%2C%22xs-overlap%22%3A%22no%22%2C%22sm-overlap%22%3A%22unset%22%2C%22md-overlap%22%3A%22unset%22%2C%22lg-overlap%22%3A%22unset%22%7D%2C%22b-m%22%3A%7B%22mg-xs%22%3A%7B%22t%22%3A%220%22%2C%22r%22%3A%220%22%2C%22b%22%3A%220%22%2C%22l%22%3A%220%22%7D%7D%7D%7D&#8221;][ffb_image_4 unique_id=&#8221;295ikasd&#8221; data=&#8221;%7B%22o%22%3A%7B%22gen%22%3A%7B%22ffsys-disabled%22%3A%220%22%2C%22ffsys-info%22%3A%22%7B%7D%22%2C%22img%22%3A%7B%22img%22%3A%22%7B%5C%22id%5C%22%3A479%2C%5C%22url%5C%22%3A%5C%22https%3A%2F%2Fcolledellasinello.com%2Fwp-content%2Fuploads%2F2018%2F06%2FMG_8457-1170&#215;878.jpg%5C%22%2C%5C%22width%5C%22%3A1170%2C%5C%22height%5C%22%3A878%7D%22%2C%22resize%22%3A%221%22%2C%22height%22%3A%22317px%22%2C%22fullwidth%22%3A%221%22%7D%2C%22link%22%3A%7B%22type%22%3A%22lightbox-image%22%2C%22img%22%3A%22%7B%5C%22id%5C%22%3A479%2C%5C%22url%5C%22%3A%5C%22https%3A%2F%2Fcolledellasinello.com%2Fwp-content%2Fuploads%2F2018%2F06%2FMG_8457-1170&#215;878.jpg%5C%22%2C%5C%22width%5C%22%3A1170%2C%5C%22height%5C%22%3A878%7D%22%7D%2C%22blank%22%3A%22null%22%7D%7D%7D&#8221;][\/ffb_image_4][\/ffb_column_3][\/ffb_row_2][\/ffb_column_1][\/ffb_section_0]<\/p>","protected":false},"excerpt":{"rendered":"<p>[ffb_section_0 unique_id=&#8221;295hv4q5&#8243; data=&#8221;%7B%22o%22%3A%7B%22gen%22%3A%7B%22ffsys-disabled%22%3A%220%22%2C%22ffsys-info%22%3A%22%7B%7D%22%2C%22type%22%3A%22fg-container-large%22%2C%22no-padding%22%3A%220%22%2C%22no-gutter%22%3A%220%22%2C%22gutter-size%22%3A%22%22%2C%22match-col%22%3A%220%22%2C%22match-col-sm%22%3A%22inherit%22%2C%22match-col-md%22%3A%22inherit%22%2C%22match-col-lg%22%3A%22inherit%22%2C%22show-divider%22%3A%220%22%2C%22divider%22%3A%7B%22divider-width%22%3A%221%22%2C%22divider-height%22%3A%22100%25%22%2C%22divider-h-alignment%22%3A%22left%22%2C%22divider-v-alignment%22%3A%22center%22%2C%22divider-color%22%3A%22%23c4c4c4%22%7D%2C%22force-fullwidth%22%3A%221%22%7D%2C%22b-m%22%3A%7B%22bg%22%3A%7B%22bg%22%3A%7B%220-%7C-image%22%3A%7B%22image%22%3A%7B%22image%22%3A%22%7B%5C%22id%5C%22%3A8%2C%5C%22url%5C%22%3A%5C%22https%3A%2F%2Fcolledellasinello.com%2Fwp-content%2Fuploads%2F2018%2F06%2Fcolle-dellasinello.jpg%5C%22%2C%5C%22width%5C%22%3A1300%2C%5C%22height%5C%22%3A731%7D%22%7D%7D%7D%7D%2C%22mg-xs%22%3A%7B%22t%22%3A%22-50%22%7D%2C%22mg-sm%22%3A%7B%22t%22%3A%22-100%22%7D%2C%22mg-md%22%3A%7B%22t%22%3A%22-200%22%7D%2C%22wh-xs%22%3A%7B%22h%22%3A%22450%22%7D%2C%22wh-md%22%3A%7B%22h%22%3A%22450%22%7D%7D%7D%7D&#8221;][ffb_column_1 unique_id=&#8221;295hv4q6&#8243; data=&#8221;%7B%22o%22%3A%7B%22gen%22%3A%7B%22ffsys-disabled%22%3A%220%22%2C%22ffsys-info%22%3A%22%7B%7D%22%2C%22xs%22%3A%2212%22%2C%22sm%22%3A%22unset%22%2C%22md%22%3A%2212%22%2C%22lg%22%3A%22unset%22%2C%22is-centered%22%3A%220%22%2C%22is-bg-clipped%22%3A%220%22%2C%22xs-last%22%3A%22no%22%2C%22sm-last%22%3A%22unset%22%2C%22md-last%22%3A%22unset%22%2C%22lg-last%22%3A%22unset%22%2C%22xs-offset%22%3A%22unset%22%2C%22sm-offset%22%3A%22unset%22%2C%22md-offset%22%3A%22unset%22%2C%22lg-offset%22%3A%22unset%22%2C%22xs-pull%22%3A%22unset%22%2C%22sm-pull%22%3A%22unset%22%2C%22md-pull%22%3A%22unset%22%2C%22lg-pull%22%3A%22unset%22%2C%22xs-push%22%3A%22unset%22%2C%22sm-push%22%3A%22unset%22%2C%22md-push%22%3A%22unset%22%2C%22lg-push%22%3A%22unset%22%2C%22xs-overlap%22%3A%22no%22%2C%22sm-overlap%22%3A%22unset%22%2C%22md-overlap%22%3A%22unset%22%2C%22lg-overlap%22%3A%22unset%22%7D%7D%7D&#8221;][\/ffb_column_1][\/ffb_section_0][ffb_section_0 unique_id=&#8221;295i1jq1&#8243; data=&#8221;%7B%22o%22%3A%7B%22gen%22%3A%7B%22ffsys-disabled%22%3A%220%22%2C%22ffsys-info%22%3A%22%7B%7D%22%2C%22type%22%3A%22fg-container-fluid%22%2C%22no-padding%22%3A%221%22%2C%22no-gutter%22%3A%220%22%2C%22gutter-size%22%3A%22%22%2C%22match-col%22%3A%220%22%2C%22match-col-sm%22%3A%22inherit%22%2C%22match-col-md%22%3A%22inherit%22%2C%22match-col-lg%22%3A%22inherit%22%2C%22show-divider%22%3A%220%22%2C%22divider%22%3A%7B%22divider-width%22%3A%221%22%2C%22divider-height%22%3A%22100%25%22%2C%22divider-h-alignment%22%3A%22left%22%2C%22divider-v-alignment%22%3A%22center%22%2C%22divider-color%22%3A%22%23c4c4c4%22%7D%2C%22force-fullwidth%22%3A%221%22%7D%7D%7D&#8221;][ffb_column_1 unique_id=&#8221;295i1jq2&#8243; data=&#8221;%7B%22o%22%3A%7B%22gen%22%3A%7B%22ffsys-disabled%22%3A%220%22%2C%22ffsys-info%22%3A%22%7B%7D%22%2C%22xs%22%3A%2212%22%2C%22sm%22%3A%22unset%22%2C%22md%22%3A%226%22%2C%22lg%22%3A%22unset%22%2C%22is-centered%22%3A%220%22%2C%22not-equalize%22%3A%220%22%2C%22is-bg-clipped%22%3A%220%22%2C%22xs-last%22%3A%22no%22%2C%22sm-last%22%3A%22unset%22%2C%22md-last%22%3A%22unset%22%2C%22lg-last%22%3A%22unset%22%2C%22xs-offset%22%3A%22unset%22%2C%22sm-offset%22%3A%22unset%22%2C%22md-offset%22%3A%22unset%22%2C%22lg-offset%22%3A%22unset%22%2C%22xs-pull%22%3A%22unset%22%2C%22sm-pull%22%3A%22unset%22%2C%22md-pull%22%3A%22unset%22%2C%22lg-pull%22%3A%22unset%22%2C%22xs-push%22%3A%22unset%22%2C%22sm-push%22%3A%22unset%22%2C%22md-push%22%3A%22unset%22%2C%22lg-push%22%3A%22unset%22%2C%22xs-overlap%22%3A%22no%22%2C%22sm-overlap%22%3A%22unset%22%2C%22md-overlap%22%3A%22unset%22%2C%22lg-overlap%22%3A%22unset%22%7D%2C%22b-m%22%3A%7B%22pd-xs%22%3A%7B%22t%22%3A%2280%22%2C%22r%22%3A%2280%22%2C%22b%22%3A%2280%22%2C%22l%22%3A%2280%22%7D%2C%22pd-md%22%3A%7B%22t%22%3A%2240%22%2C%22b%22%3A%220%22%7D%7D%7D%7D&#8221;][ffb_heading_2 unique_id=&#8221;295i1v8b&#8221; data=&#8221;%7B%22o%22%3A%7B%22gen%22%3A%7B%22ffsys-disabled%22%3A%220%22%2C%22ffsys-info%22%3A%22%7B%7D%22%2C%22text-is-richtext%22%3A%220%22%2C%22tag%22%3A%22h2%22%2C%22align%22%3A%22text-left%22%2C%22align-sm%22%3A%22%22%2C%22align-md%22%3A%22%22%2C%22align-lg%22%3A%22%22%7D%2C%22clrs%22%3A%7B%22font-size-md%22%3A%2250%22%7D%7D%7D&#8221;][ffb_param route=&#8221;o gen text&#8221;]&#8221;Ein gastfreundlicher Ort, reich an Geschichte und Tradition\u201c[\/ffb_param][\/ffb_heading_2][ffb_paragraph_2 unique_id=&#8221;295i2b9g&#8221; data=&#8221;%7B%22o%22%3A%7B%22gen%22%3A%7B%22ffsys-disabled%22%3A%220%22%2C%22ffsys-info%22%3A%22%7B%7D%22%2C%22text-is-richtext%22%3A%220%22%2C%22align%22%3A%22text-left%22%2C%22align-sm%22%3A%22%22%2C%22align-md%22%3A%22%22%2C%22align-lg%22%3A%22%22%7D%2C%22clrs%22%3A%7B%22font-size%22%3A%2218%22%7D%7D%7D&#8221;][ffb_param route=&#8221;o gen text&#8221;] Colle dell&#8217;Asinello liegen in Umbrien, in einer h\u00fcgeligen und windigen Gegend, komplett von unber\u00fchrtem Wald umgab mit herrlichem Panoramablick auf Alviano der nat\u00fcrliche Oase in einem Gebiet, das auch [&hellip;]<\/p>","protected":false},"author":1,"featured_media":0,"parent":0,"menu_order":0,"comment_status":"closed","ping_status":"closed","template":"","meta":{"footnotes":""},"_links":{"self":[{"href":"https:\/\/colledellasinello.com\/en\/wp-json\/wp\/v2\/pages\/910"}],"collection":[{"href":"https:\/\/colledellasinello.com\/en\/wp-json\/wp\/v2\/pages"}],"about":[{"href":"https:\/\/colledellasinello.com\/en\/wp-json\/wp\/v2\/types\/page"}],"author":[{"embeddable":true,"href":"https:\/\/colledellasinello.com\/en\/wp-json\/wp\/v2\/users\/1"}],"replies":[{"embeddable":true,"href":"https:\/\/colledellasinello.com\/en\/wp-json\/wp\/v2\/comments?post=910"}],"version-history":[{"count":3,"href":"https:\/\/colledellasinello.com\/en\/wp-json\/wp\/v2\/pages\/910\/revisions"}],"predecessor-version":[{"id":962,"href":"https:\/\/colledellasinello.com\/en\/wp-json\/wp\/v2\/pages\/910\/revisions\/962"}],"wp:attachment":[{"href":"https:\/\/colledellasinello.com\/en\/wp-json\/wp\/v2\/media?parent=910"}],"curies":[{"name":"wp","href":"https:\/\/api.w.org\/{rel}","templated":true}]}}