{"id":908,"date":"2018-07-02T11:33:25","date_gmt":"2018-07-02T09:33:25","guid":{"rendered":"https:\/\/colledellasinello.com\/?page_id=908"},"modified":"2018-08-30T16:27:03","modified_gmt":"2018-08-30T14:27:03","slug":"preise","status":"publish","type":"page","link":"https:\/\/colledellasinello.com\/en\/preise\/","title":{"rendered":"Preise"},"content":{"rendered":"<p>[ffb_section_0 unique_id=&#8221;2984v6sq&#8221; data=&#8221;%7B%22o%22%3A%7B%22gen%22%3A%7B%22ffsys-disabled%22%3A%220%22%2C%22ffsys-info%22%3A%22%7B%7D%22%2C%22type%22%3A%22fg-container-large%22%2C%22no-padding%22%3A%220%22%2C%22no-gutter%22%3A%220%22%2C%22gutter-size%22%3A%22%22%2C%22match-col%22%3A%220%22%2C%22match-col-sm%22%3A%22inherit%22%2C%22match-col-md%22%3A%22inherit%22%2C%22match-col-lg%22%3A%22inherit%22%2C%22show-divider%22%3A%220%22%2C%22divider%22%3A%7B%22divider-width%22%3A%221%22%2C%22divider-height%22%3A%22100%25%22%2C%22divider-h-alignment%22%3A%22left%22%2C%22divider-v-alignment%22%3A%22center%22%2C%22divider-color%22%3A%22%23c4c4c4%22%7D%2C%22force-fullwidth%22%3A%220%22%7D%2C%22b-m%22%3A%7B%22pd-xs%22%3A%7B%22t%22%3A%2280%22%7D%7D%7D%7D&#8221;][ffb_column_1 unique_id=&#8221;2984v6sr&#8221; data=&#8221;%7B%22o%22%3A%7B%22gen%22%3A%7B%22ffsys-disabled%22%3A%220%22%2C%22ffsys-info%22%3A%22%7B%7D%22%2C%22xs%22%3A%2212%22%2C%22sm%22%3A%22unset%22%2C%22md%22%3A%2212%22%2C%22lg%22%3A%22unset%22%2C%22is-centered%22%3A%220%22%2C%22is-bg-clipped%22%3A%220%22%2C%22xs-last%22%3A%22no%22%2C%22sm-last%22%3A%22unset%22%2C%22md-last%22%3A%22unset%22%2C%22lg-last%22%3A%22unset%22%2C%22xs-offset%22%3A%22unset%22%2C%22sm-offset%22%3A%22unset%22%2C%22md-offset%22%3A%22unset%22%2C%22lg-offset%22%3A%22unset%22%2C%22xs-pull%22%3A%22unset%22%2C%22sm-pull%22%3A%22unset%22%2C%22md-pull%22%3A%22unset%22%2C%22lg-pull%22%3A%22unset%22%2C%22xs-push%22%3A%22unset%22%2C%22sm-push%22%3A%22unset%22%2C%22md-push%22%3A%22unset%22%2C%22lg-push%22%3A%22unset%22%2C%22xs-overlap%22%3A%22no%22%2C%22sm-overlap%22%3A%22unset%22%2C%22md-overlap%22%3A%22unset%22%2C%22lg-overlap%22%3A%22unset%22%7D%7D%7D&#8221;][ffb_section-heading_2 unique_id=&#8221;2984vd3r&#8221; data=&#8221;%7B%22o%22%3A%7B%22gen%22%3A%7B%22ffsys-disabled%22%3A%220%22%2C%22ffsys-info%22%3A%22%7B%7D%22%2C%22repeated-lines%22%3A%7B%220-%7C-h2%22%3A%7B%22h2%22%3A%7B%22text-is-richtext%22%3A%220%22%7D%7D%2C%221-%7C-paragraph%22%3A%7B%22paragraph%22%3A%7B%22text-is-richtext%22%3A%220%22%7D%7D%7D%7D%7D%7D&#8221;][ffb_param route=&#8221;o gen repeated-lines 0-|-h2 h2 text&#8221;]Preise 2017\/2018, nur im Zimmer, ohne zus\u00e4tzliche Dienstleistungen[\/ffb_param][ffb_param route=&#8221;o gen repeated-lines 1-|-paragraph paragraph text&#8221;](Villa in exklusiven MAXIMUM 10 + 4 Personen)[\/ffb_param][\/ffb_section-heading_2][\/ffb_column_1][ffb_column_1 unique_id=&#8221;29850tkm&#8221; data=&#8221;%7B%22o%22%3A%7B%22gen%22%3A%7B%22ffsys-disabled%22%3A%220%22%2C%22ffsys-info%22%3A%22%7B%7D%22%2C%22xs%22%3A%2212%22%2C%22sm%22%3A%22unset%22%2C%22md%22%3A%2212%22%2C%22lg%22%3A%22unset%22%2C%22is-centered%22%3A%220%22%2C%22not-equalize%22%3A%220%22%2C%22is-bg-clipped%22%3A%220%22%2C%22xs-last%22%3A%22no%22%2C%22sm-last%22%3A%22unset%22%2C%22md-last%22%3A%22unset%22%2C%22lg-last%22%3A%22unset%22%2C%22xs-offset%22%3A%22unset%22%2C%22sm-offset%22%3A%22unset%22%2C%22md-offset%22%3A%22unset%22%2C%22lg-offset%22%3A%22unset%22%2C%22xs-pull%22%3A%22unset%22%2C%22sm-pull%22%3A%22unset%22%2C%22md-pull%22%3A%22unset%22%2C%22lg-pull%22%3A%22unset%22%2C%22xs-push%22%3A%22unset%22%2C%22sm-push%22%3A%22unset%22%2C%22md-push%22%3A%22unset%22%2C%22lg-push%22%3A%22unset%22%2C%22xs-overlap%22%3A%22no%22%2C%22sm-overlap%22%3A%22unset%22%2C%22md-overlap%22%3A%22unset%22%2C%22lg-overlap%22%3A%22unset%22%7D%2C%22b-m%22%3A%7B%22pd-xs%22%3A%7B%22t%22%3A%2240%22%2C%22b%22%3A%2240%22%7D%7D%7D%7D&#8221;][ffb_html_2 unique_id=&#8221;2986a21r&#8221; data=&#8221;%7B%22o%22%3A%7B%22gen%22%3A%7B%22ffsys-disabled%22%3A%220%22%2C%22ffsys-info%22%3A%22%7B%7D%22%2C%22html%22%3A%7B%22html%22%3A%22%5Btable id%3D3 %2F%5D%22%2C%22html-is-richtext%22%3A%220%22%7D%2C%22blank%22%3A%22null%22%7D%7D%7D&#8221;][\/ffb_html_2][\/ffb_column_1][\/ffb_section_0][ffb_section_0 unique_id=&#8221;2986lag5&#8243; data=&#8221;%7B%22o%22%3A%7B%22gen%22%3A%7B%22ffsys-disabled%22%3A%220%22%2C%22ffsys-info%22%3A%22%7B%7D%22%2C%22type%22%3A%22fg-container-large%22%2C%22no-padding%22%3A%220%22%2C%22no-gutter%22%3A%222%22%2C%22gutter-size%22%3A%2280%22%2C%22match-col%22%3A%220%22%2C%22match-col-sm%22%3A%22inherit%22%2C%22match-col-md%22%3A%22inherit%22%2C%22match-col-lg%22%3A%22inherit%22%2C%22show-divider%22%3A%220%22%2C%22divider%22%3A%7B%22divider-width%22%3A%221%22%2C%22divider-height%22%3A%22100%25%22%2C%22divider-h-alignment%22%3A%22left%22%2C%22divider-v-alignment%22%3A%22center%22%2C%22divider-color%22%3A%22%23c4c4c4%22%7D%2C%22force-fullwidth%22%3A%220%22%7D%7D%7D&#8221;][ffb_column_1 unique_id=&#8221;2986lag6&#8243; data=&#8221;%7B%22o%22%3A%7B%22gen%22%3A%7B%22ffsys-disabled%22%3A%220%22%2C%22ffsys-info%22%3A%22%7B%7D%22%2C%22xs%22%3A%2212%22%2C%22sm%22%3A%22unset%22%2C%22md%22%3A%226%22%2C%22lg%22%3A%22unset%22%2C%22is-centered%22%3A%220%22%2C%22is-bg-clipped%22%3A%220%22%2C%22xs-last%22%3A%22no%22%2C%22sm-last%22%3A%22unset%22%2C%22md-last%22%3A%22unset%22%2C%22lg-last%22%3A%22unset%22%2C%22xs-offset%22%3A%22unset%22%2C%22sm-offset%22%3A%22unset%22%2C%22md-offset%22%3A%22unset%22%2C%22lg-offset%22%3A%22unset%22%2C%22xs-pull%22%3A%22unset%22%2C%22sm-pull%22%3A%22unset%22%2C%22md-pull%22%3A%22unset%22%2C%22lg-pull%22%3A%22unset%22%2C%22xs-push%22%3A%22unset%22%2C%22sm-push%22%3A%22unset%22%2C%22md-push%22%3A%22unset%22%2C%22lg-push%22%3A%22unset%22%2C%22xs-overlap%22%3A%22no%22%2C%22sm-overlap%22%3A%22unset%22%2C%22md-overlap%22%3A%22unset%22%2C%22lg-overlap%22%3A%22unset%22%7D%7D%7D&#8221;][ffb_section-heading_2 unique_id=&#8221;2986lk2h&#8221; data=&#8221;%7B%22o%22%3A%7B%22gen%22%3A%7B%22ffsys-disabled%22%3A%220%22%2C%22ffsys-info%22%3A%22%7B%7D%22%2C%22repeated-lines%22%3A%7B%220-%7C-h2%22%3A%7B%22h2%22%3A%7B%22clrs%22%3A%7B%22text-custom-color%22%3A%22%5B1%5D%22%2C%22font-size%22%3A%2228%22%7D%2C%22text-is-richtext%22%3A%220%22%7D%7D%2C%221-%7C-paragraph%22%3A%7B%22paragraph%22%3A%7B%22text-is-richtext%22%3A%220%22%7D%7D%2C%222-%7C-divider%22%3A%7B%22divider%22%3A%7B%22blank%22%3A%22blank%22%7D%7D%2C%223-%7C-paragraph%22%3A%7B%22paragraph%22%3A%7B%22text-is-richtext%22%3A%221%22%7D%7D%2C%224-%7C-paragraph%22%3A%7B%22paragraph%22%3A%7B%22text-is-richtext%22%3A%221%22%7D%7D%2C%225-%7C-divider%22%3A%7B%22divider%22%3A%7B%22blank%22%3A%22blank%22%7D%7D%2C%226-%7C-paragraph%22%3A%7B%22paragraph%22%3A%7B%22text-is-richtext%22%3A%221%22%7D%7D%7D%7D%2C%22clrs%22%3A%7B%22text-align%22%3A%22left%22%7D%7D%7D&#8221;][ffb_param route=&#8221;o gen repeated-lines 0-|-h2 h2 text&#8221;]Preise, 1\/2\/3\/4\/5\/6 N\u00e4chte[\/ffb_param][ffb_param route=&#8221;o gen repeated-lines 1-|-paragraph paragraph text&#8221;]max 10 + 4 Personen [\/ffb_param][ffb_param route=&#8221;o gen repeated-lines 3-|-paragraph paragraph text&#8221;]<\/p>\n<p>Check-in: 11,00 bis 19,00 <br \/>Check-out: bis 16.00 Uhr<\/p>\n<p><em><strong>Die Preise beinhalten:<\/strong><\/em><\/p>\n<ul>\n<li>Lieferung von Bettw&auml;sche, Schlafzimmer, Bad<\/li>\n<li>Gratis Internetanschluss Wi-Fi<\/li>\n<li>Wasser, Gas, Strom<\/li>\n<li>Voll ausgestattete K&uuml;che, sich f&uuml;r das Kochen<\/li>\n<li>Installation von Hintergrundmusik, Lounge, Pool und Garten<\/li>\n<li>Wet bar, f&uuml;r Aperitifs angeordnet<\/li>\n<\/ul>\n<p>&nbsp;<\/p>\n<p>[\/ffb_param][ffb_param route=&#8221;o gen repeated-lines 4-|-paragraph paragraph text&#8221;]<\/p>\n<p><span style=\"color: #ff0000;\">Obligatorische Extras: Endreinigung 350,00 &euro;<\/span><\/p>\n<p><em><strong>Tarife keine zus&auml;tzlichen Dienstleistungen umfassen, sind nur auf Anfrage (<a href=\"https:\/\/colledellasinello.com\/en\/de\/extra-dienstleistungen\/\">Geb&uuml;hren zeigen die Extras &#8211; Seite<\/a> )<\/strong><\/em><\/p>\n<p>[\/ffb_param][ffb_param route=&#8221;o gen repeated-lines 6-|-paragraph paragraph text&#8221;]<\/p>\n<p><strong>Kaution werden<\/strong> in bar bei der &Uuml;bergabe der Schl&uuml;ssel bezahlt: 1.000,00 &euro; (die Kaution wird am Ende des Aufenthalts zur&uuml;ckgegeben werden , es sei denn , Schaden).<\/p>\n<p>[\/ffb_param][\/ffb_section-heading_2][\/ffb_column_1][ffb_column_1 unique_id=&#8221;2986lag7&#8243; data=&#8221;%7B%22o%22%3A%7B%22gen%22%3A%7B%22ffsys-disabled%22%3A%220%22%2C%22ffsys-info%22%3A%22%7B%7D%22%2C%22xs%22%3A%2212%22%2C%22sm%22%3A%22unset%22%2C%22md%22%3A%226%22%2C%22lg%22%3A%22unset%22%2C%22is-centered%22%3A%220%22%2C%22is-bg-clipped%22%3A%220%22%2C%22xs-last%22%3A%22no%22%2C%22sm-last%22%3A%22unset%22%2C%22md-last%22%3A%22unset%22%2C%22lg-last%22%3A%22unset%22%2C%22xs-offset%22%3A%22unset%22%2C%22sm-offset%22%3A%22unset%22%2C%22md-offset%22%3A%22unset%22%2C%22lg-offset%22%3A%22unset%22%2C%22xs-pull%22%3A%22unset%22%2C%22sm-pull%22%3A%22unset%22%2C%22md-pull%22%3A%22unset%22%2C%22lg-pull%22%3A%22unset%22%2C%22xs-push%22%3A%22unset%22%2C%22sm-push%22%3A%22unset%22%2C%22md-push%22%3A%22unset%22%2C%22lg-push%22%3A%22unset%22%2C%22xs-overlap%22%3A%22no%22%2C%22sm-overlap%22%3A%22unset%22%2C%22md-overlap%22%3A%22unset%22%2C%22lg-overlap%22%3A%22unset%22%7D%7D%7D&#8221;][ffb_section-heading_2 unique_id=&#8221;2986t27j&#8221; data=&#8221;%7B%22o%22%3A%7B%22gen%22%3A%7B%22ffsys-disabled%22%3A%220%22%2C%22ffsys-info%22%3A%22%7B%7D%22%2C%22repeated-lines%22%3A%7B%220-%7C-h2%22%3A%7B%22h2%22%3A%7B%22clrs%22%3A%7B%22text-custom-color%22%3A%22%5B1%5D%22%2C%22font-size%22%3A%2228%22%7D%2C%22text-is-richtext%22%3A%220%22%7D%7D%2C%221-%7C-paragraph%22%3A%7B%22paragraph%22%3A%7B%22text-is-richtext%22%3A%220%22%7D%7D%2C%222-%7C-divider%22%3A%7B%22divider%22%3A%7B%22blank%22%3A%22blank%22%7D%7D%2C%223-%7C-paragraph%22%3A%7B%22paragraph%22%3A%7B%22text-is-richtext%22%3A%221%22%7D%7D%2C%224-%7C-paragraph%22%3A%7B%22paragraph%22%3A%7B%22text-is-richtext%22%3A%221%22%7D%7D%2C%225-%7C-divider%22%3A%7B%22divider%22%3A%7B%22blank%22%3A%22blank%22%7D%7D%2C%226-%7C-paragraph%22%3A%7B%22paragraph%22%3A%7B%22text-is-richtext%22%3A%221%22%7D%7D%7D%7D%2C%22clrs%22%3A%7B%22text-align%22%3A%22left%22%7D%7D%7D&#8221;][ffb_param route=&#8221;o gen repeated-lines 0-|-h2 h2 text&#8221;]Wochenpreis f\u00fcr 7 N\u00e4chte[\/ffb_param][ffb_param route=&#8221;o gen repeated-lines 1-|-paragraph paragraph text&#8221;]bis zu 10 + 4 Personen[\/ffb_param][ffb_param route=&#8221;o gen repeated-lines 3-|-paragraph paragraph text&#8221;]<\/p>\n<p>Check-in: Samstag 17,00-19,00<br \/>Abreise Samstag vor 10.00<\/p>\n<p><em><strong>Die Wochenpreise beinhalten:<\/strong><\/em><\/p>\n<ul>\n<li>Lieferung von Bettw&auml;sche, Schlafzimmer, Bad,<\/li>\n<li>Gratis Internetanschluss Wi-Fi<\/li>\n<li>Wasser, Gas, Strom<\/li>\n<li>ausgestattete K&uuml;che<\/li>\n<li>Musikanal<\/li>\n<li>Swimmingpool (beheizt auf Anfrage)<\/li>\n<\/ul>\n<p>&nbsp;<\/p>\n<p>[\/ffb_param][ffb_param route=&#8221;o gen repeated-lines 4-|-paragraph paragraph text&#8221;]<\/p>\n<p><span style=\"color: #ff0000;\">Endreinigung, &euro; 350,00<\/span><\/p>\n<p><em><strong>Die Wochenpreise enthalten keine zus&auml;tzliche Leistungen sind nur auf Anfrage. (<a href=\"https:\/\/colledellasinello.com\/en\/de\/extra-dienstleistungen\/\">F&uuml;r die Anzeige kostet zus&auml;tzliche Service &#8211; Seite<\/a> )<\/strong><\/em><\/p>\n<p>[\/ffb_param][ffb_param route=&#8221;o gen repeated-lines 6-|-paragraph paragraph text&#8221;]<\/p>\n<p><strong>Kaution werden<\/strong> in bar bei der &Uuml;bergabe der Schl&uuml;ssel bezahlt: 1.000,00 &euro; (die Kaution wird am Ende des Aufenthalts zur&uuml;ckgegeben werden , es sei denn , Schaden).<\/p>\n<p>[\/ffb_param][\/ffb_section-heading_2][\/ffb_column_1][\/ffb_section_0][ffb_section_0 unique_id=&#8221;298769k8&#8243; data=&#8221;%7B%22o%22%3A%7B%22gen%22%3A%7B%22ffsys-disabled%22%3A%220%22%2C%22ffsys-info%22%3A%22%7B%7D%22%2C%22type%22%3A%22fg-container-large%22%2C%22no-padding%22%3A%220%22%2C%22no-gutter%22%3A%220%22%2C%22gutter-size%22%3A%22%22%2C%22match-col%22%3A%220%22%2C%22match-col-sm%22%3A%22inherit%22%2C%22match-col-md%22%3A%22inherit%22%2C%22match-col-lg%22%3A%22inherit%22%2C%22show-divider%22%3A%220%22%2C%22divider%22%3A%7B%22divider-width%22%3A%221%22%2C%22divider-height%22%3A%22100%25%22%2C%22divider-h-alignment%22%3A%22left%22%2C%22divider-v-alignment%22%3A%22center%22%2C%22divider-color%22%3A%22%23c4c4c4%22%7D%2C%22force-fullwidth%22%3A%220%22%7D%2C%22b-m%22%3A%7B%22pd-xs%22%3A%7B%22b%22%3A%2280%22%7D%7D%7D%7D&#8221;][ffb_column_1 unique_id=&#8221;298769k9&#8243; data=&#8221;%7B%22o%22%3A%7B%22gen%22%3A%7B%22ffsys-disabled%22%3A%220%22%2C%22ffsys-info%22%3A%22%7B%7D%22%2C%22xs%22%3A%2212%22%2C%22sm%22%3A%22unset%22%2C%22md%22%3A%2212%22%2C%22lg%22%3A%22unset%22%2C%22is-centered%22%3A%220%22%2C%22is-bg-clipped%22%3A%220%22%2C%22xs-last%22%3A%22no%22%2C%22sm-last%22%3A%22unset%22%2C%22md-last%22%3A%22unset%22%2C%22lg-last%22%3A%22unset%22%2C%22xs-offset%22%3A%22unset%22%2C%22sm-offset%22%3A%22unset%22%2C%22md-offset%22%3A%22unset%22%2C%22lg-offset%22%3A%22unset%22%2C%22xs-pull%22%3A%22unset%22%2C%22sm-pull%22%3A%22unset%22%2C%22md-pull%22%3A%22unset%22%2C%22lg-pull%22%3A%22unset%22%2C%22xs-push%22%3A%22unset%22%2C%22sm-push%22%3A%22unset%22%2C%22md-push%22%3A%22unset%22%2C%22lg-push%22%3A%22unset%22%2C%22xs-overlap%22%3A%22no%22%2C%22sm-overlap%22%3A%22unset%22%2C%22md-overlap%22%3A%22unset%22%2C%22lg-overlap%22%3A%22unset%22%7D%7D%7D&#8221;][ffb_heading_2 unique_id=&#8221;29876nhu&#8221; data=&#8221;%7B%22o%22%3A%7B%22gen%22%3A%7B%22ffsys-disabled%22%3A%220%22%2C%22ffsys-info%22%3A%22%7B%7D%22%2C%22text-is-richtext%22%3A%220%22%2C%22tag%22%3A%22h2%22%2C%22align%22%3A%22text-left%22%2C%22align-sm%22%3A%22%22%2C%22align-md%22%3A%22%22%2C%22align-lg%22%3A%22%22%7D%7D%7D&#8221;][ffb_param route=&#8221;o gen text&#8221;]Bedingungen-Zahlungen[\/ffb_param][\/ffb_heading_2][ffb_paragraph_2 unique_id=&#8221;2987729c&#8221; data=&#8221;%7B%22o%22%3A%7B%22gen%22%3A%7B%22ffsys-disabled%22%3A%220%22%2C%22ffsys-info%22%3A%22%7B%7D%22%2C%22text-is-richtext%22%3A%220%22%2C%22align%22%3A%22text-left%22%2C%22align-sm%22%3A%22%22%2C%22align-md%22%3A%22%22%2C%22align-lg%22%3A%22%22%7D%7D%7D&#8221;][ffb_param route=&#8221;o gen text&#8221;]<\/p>\n<p>Um bitte eine Reservierungsanfrage unsere Kontakte nutzen oder die entsprechenden Formular Kontakte.<\/p>\n<p>Sie werden erforderliche Daten Vs werden , um das Buchungsverfahren zu vervollst&auml;ndigen , und dann an der entsprechenden E-Mail &#8211; Adresse gesendet werden Vs &bdquo;<strong>Reservierungsbest&auml;tigung Form<\/strong>&ldquo; , die die Kundendaten enthalten, den Preis f&uuml;r den Aufenthalt und die Bedingungen und Konditionen der Zahlung. Das gleiche Formular muss vom Kunden und versendet per E-Mail f&uuml;r die Annahme unterzeichnet werden.<\/p>\n<h4>F\u00fcr Reservierungen sind erforderlich, um eine Anzahlung von 30% der Gesamtkosten und damit die Balance innerhalb von 60 Tagen nach der Ankunft zu zahlen.<\/h4>\n<p>Im Fall einer Reservierungsanfrage in weniger als 60 Tagen ist es erforderlich, das Gleichgewicht in einer einzigen Tranche im Voraus bezahlen.<\/p>\n<p>Die Zahlung kann per \u00dcberweisung an den folgenden Enden vorgenommen werden:<\/p>\n<p><em>Rubrik: <\/em> <strong>Azienda Agraria di Valanciute Aukse<\/strong><br \/><em>Bankreferenz:<\/em> <strong>BCC SPELLO E BETTONA<\/strong><br \/><em>IBAN:<\/em> <strong>IT 88 H 0887121700004000004080<\/strong><br \/><em>BIC:<\/em> <strong>CCRTIT2TSBE<\/strong><\/p>\n<p>oder:<\/p>\n<p><em>Rubrik:<\/em> <strong>Azienda Agraria di Valanciute Aukse<\/strong><br \/><em>Bank:<\/em> <strong>BANCA INTESA SPA<\/strong><br \/><em>IBAN:<\/em> <strong>IT59 D 03069 21704 100000003367<\/strong><br \/><em>BIC (SWIFT):<\/em> <strong>BCITITMM<\/strong><\/p>\n<p>Oder durch PayPal-System &#8211; Kreditkarte, indem Sie auf \u201eJetzt bezahlen\u201c und die erforderliche Summe eingeben.<\/p>\n<p>[\/ffb_param][\/ffb_paragraph_2][ffb_html_2 unique_id=&#8221;2987j110&#8243; data=&#8221;%7B%22o%22%3A%7B%22gen%22%3A%7B%22ffsys-disabled%22%3A%220%22%2C%22ffsys-info%22%3A%22%7B%7D%22%2C%22html%22%3A%7B%22html%22%3A%22%3Cform action%3D%5C%22https%3A%2F%2Fwww.paypal.com%2Fcgi-bin%2Fwebscr%5C%22 method%3D%5C%22post%5C%22 target%3D%5C%22_top%5C%22%3E%3Cinput alt%3D%5C%22PayPal %C3%A8 il metodo rapido e sicuro per pagare e farsi pagare online.%5C%22 name%3D%5C%22submit%5C%22 src%3D%5C%22https%3A%2F%2Fwww.paypalobjects.com%2Fit_IT%2FIT%2Fi%2Fbtn%2Fbtn_buynowCC_LG.gif%5C%22 type%3D%5C%22image%5C%22%3E %3Cimg src%3D%5C%22https%3A%2F%2Fwww.paypalobjects.com%2Fit_IT%2Fi%2Fscr%2Fpixel.gif%5C%22 alt%3D%5C%22%5C%22 width%3D%5C%221%5C%22 height%3D%5C%221%5C%22 border%3D%5C%220%5C%22%3E%3C%2Fform%3E%3Cimg src%3D%5C%22https%3A%2F%2Fwww.paypalobjects.com%2Fit_IT%2Fi%2Fscr%2Fpixel.gif%5C%22 alt%3D%5C%22%5C%22 width%3D%5C%221%5C%22 height%3D%5C%221%5C%22 border%3D%5C%220%5C%22%3E%22%2C%22html-is-richtext%22%3A%220%22%7D%2C%22blank%22%3A%22null%22%7D%2C%22b-m%22%3A%7B%22pd-xs%22%3A%7B%22t%22%3A%2220%22%2C%22b%22%3A%2220%22%7D%7D%7D%7D&#8221;][\/ffb_html_2][ffb_paragraph_2 unique_id=&#8221;2987jcli&#8221; data=&#8221;%7B%22o%22%3A%7B%22gen%22%3A%7B%22ffsys-disabled%22%3A%220%22%2C%22ffsys-info%22%3A%22%7B%7D%22%2C%22text-is-richtext%22%3A%220%22%2C%22align%22%3A%22text-left%22%2C%22align-sm%22%3A%22%22%2C%22align-md%22%3A%22%22%2C%22align-lg%22%3A%22%22%7D%7D%7D&#8221;][ffb_param route=&#8221;o gen text&#8221;]<\/p>\n<p><em><strong>Reservierungen im Colle dell&#8217;Asinello Mit dem Antrag erkl\u00e4rt, dass er unsere Stornierungen lesen Sie unten haben:<\/strong><\/em><\/p>\n<p>Bei einer Stornierung ab dem Zeitpunkt der Buchungsbest\u00e4tigung bis 60 Tage vor dem Urlaubstag beginnen: Geb\u00fchr auf 30% des Gesamt bezahlt werden.<\/p>\n<p><em>Wir informieren Sie , dass f\u00fcr Stornierungen innerhalb von 60 Tagen mitgeteilt. vor der Ankunft wird die Anzahlung nicht zur\u00fcckgeschickt , sondern der vom Kunden gezahlte Betrag als Anzahlung f\u00fcr eine zuk\u00fcnftige Buchung verwendet werden. Bei einer Stornierung 59 bis 01 Tage vor Beginn Tag Aufenthalt oder bei Nichterscheinen: Betrag zu 100% der Gesamt zu zahlen.<\/em><\/p>\n<p>[\/ffb_param][\/ffb_paragraph_2][\/ffb_column_1][\/ffb_section_0]<\/p>","protected":false},"excerpt":{"rendered":"<p>[ffb_section_0 unique_id=&#8221;2984v6sq&#8221; data=&#8221;%7B%22o%22%3A%7B%22gen%22%3A%7B%22ffsys-disabled%22%3A%220%22%2C%22ffsys-info%22%3A%22%7B%7D%22%2C%22type%22%3A%22fg-container-large%22%2C%22no-padding%22%3A%220%22%2C%22no-gutter%22%3A%220%22%2C%22gutter-size%22%3A%22%22%2C%22match-col%22%3A%220%22%2C%22match-col-sm%22%3A%22inherit%22%2C%22match-col-md%22%3A%22inherit%22%2C%22match-col-lg%22%3A%22inherit%22%2C%22show-divider%22%3A%220%22%2C%22divider%22%3A%7B%22divider-width%22%3A%221%22%2C%22divider-height%22%3A%22100%25%22%2C%22divider-h-alignment%22%3A%22left%22%2C%22divider-v-alignment%22%3A%22center%22%2C%22divider-color%22%3A%22%23c4c4c4%22%7D%2C%22force-fullwidth%22%3A%220%22%7D%2C%22b-m%22%3A%7B%22pd-xs%22%3A%7B%22t%22%3A%2280%22%7D%7D%7D%7D&#8221;][ffb_column_1 unique_id=&#8221;2984v6sr&#8221; data=&#8221;%7B%22o%22%3A%7B%22gen%22%3A%7B%22ffsys-disabled%22%3A%220%22%2C%22ffsys-info%22%3A%22%7B%7D%22%2C%22xs%22%3A%2212%22%2C%22sm%22%3A%22unset%22%2C%22md%22%3A%2212%22%2C%22lg%22%3A%22unset%22%2C%22is-centered%22%3A%220%22%2C%22is-bg-clipped%22%3A%220%22%2C%22xs-last%22%3A%22no%22%2C%22sm-last%22%3A%22unset%22%2C%22md-last%22%3A%22unset%22%2C%22lg-last%22%3A%22unset%22%2C%22xs-offset%22%3A%22unset%22%2C%22sm-offset%22%3A%22unset%22%2C%22md-offset%22%3A%22unset%22%2C%22lg-offset%22%3A%22unset%22%2C%22xs-pull%22%3A%22unset%22%2C%22sm-pull%22%3A%22unset%22%2C%22md-pull%22%3A%22unset%22%2C%22lg-pull%22%3A%22unset%22%2C%22xs-push%22%3A%22unset%22%2C%22sm-push%22%3A%22unset%22%2C%22md-push%22%3A%22unset%22%2C%22lg-push%22%3A%22unset%22%2C%22xs-overlap%22%3A%22no%22%2C%22sm-overlap%22%3A%22unset%22%2C%22md-overlap%22%3A%22unset%22%2C%22lg-overlap%22%3A%22unset%22%7D%7D%7D&#8221;][ffb_section-heading_2 unique_id=&#8221;2984vd3r&#8221; data=&#8221;%7B%22o%22%3A%7B%22gen%22%3A%7B%22ffsys-disabled%22%3A%220%22%2C%22ffsys-info%22%3A%22%7B%7D%22%2C%22repeated-lines%22%3A%7B%220-%7C-h2%22%3A%7B%22h2%22%3A%7B%22text-is-richtext%22%3A%220%22%7D%7D%2C%221-%7C-paragraph%22%3A%7B%22paragraph%22%3A%7B%22text-is-richtext%22%3A%220%22%7D%7D%7D%7D%7D%7D&#8221;][ffb_param route=&#8221;o gen repeated-lines 0-|-h2 h2 text&#8221;]Preise 2017\/2018, nur im Zimmer, ohne zus\u00e4tzliche Dienstleistungen[\/ffb_param][ffb_param route=&#8221;o gen repeated-lines 1-|-paragraph paragraph text&#8221;](Villa in exklusiven MAXIMUM 10 + 4 Personen)[\/ffb_param][\/ffb_section-heading_2][\/ffb_column_1][ffb_column_1 unique_id=&#8221;29850tkm&#8221; data=&#8221;%7B%22o%22%3A%7B%22gen%22%3A%7B%22ffsys-disabled%22%3A%220%22%2C%22ffsys-info%22%3A%22%7B%7D%22%2C%22xs%22%3A%2212%22%2C%22sm%22%3A%22unset%22%2C%22md%22%3A%2212%22%2C%22lg%22%3A%22unset%22%2C%22is-centered%22%3A%220%22%2C%22not-equalize%22%3A%220%22%2C%22is-bg-clipped%22%3A%220%22%2C%22xs-last%22%3A%22no%22%2C%22sm-last%22%3A%22unset%22%2C%22md-last%22%3A%22unset%22%2C%22lg-last%22%3A%22unset%22%2C%22xs-offset%22%3A%22unset%22%2C%22sm-offset%22%3A%22unset%22%2C%22md-offset%22%3A%22unset%22%2C%22lg-offset%22%3A%22unset%22%2C%22xs-pull%22%3A%22unset%22%2C%22sm-pull%22%3A%22unset%22%2C%22md-pull%22%3A%22unset%22%2C%22lg-pull%22%3A%22unset%22%2C%22xs-push%22%3A%22unset%22%2C%22sm-push%22%3A%22unset%22%2C%22md-push%22%3A%22unset%22%2C%22lg-push%22%3A%22unset%22%2C%22xs-overlap%22%3A%22no%22%2C%22sm-overlap%22%3A%22unset%22%2C%22md-overlap%22%3A%22unset%22%2C%22lg-overlap%22%3A%22unset%22%7D%2C%22b-m%22%3A%7B%22pd-xs%22%3A%7B%22t%22%3A%2240%22%2C%22b%22%3A%2240%22%7D%7D%7D%7D&#8221;][ffb_html_2 unique_id=&#8221;2986a21r&#8221; data=&#8221;%7B%22o%22%3A%7B%22gen%22%3A%7B%22ffsys-disabled%22%3A%220%22%2C%22ffsys-info%22%3A%22%7B%7D%22%2C%22html%22%3A%7B%22html%22%3A%22%5Btable id%3D3 %2F%5D%22%2C%22html-is-richtext%22%3A%220%22%7D%2C%22blank%22%3A%22null%22%7D%7D%7D&#8221;][\/ffb_html_2][\/ffb_column_1][\/ffb_section_0][ffb_section_0 unique_id=&#8221;2986lag5&#8243; data=&#8221;%7B%22o%22%3A%7B%22gen%22%3A%7B%22ffsys-disabled%22%3A%220%22%2C%22ffsys-info%22%3A%22%7B%7D%22%2C%22type%22%3A%22fg-container-large%22%2C%22no-padding%22%3A%220%22%2C%22no-gutter%22%3A%222%22%2C%22gutter-size%22%3A%2280%22%2C%22match-col%22%3A%220%22%2C%22match-col-sm%22%3A%22inherit%22%2C%22match-col-md%22%3A%22inherit%22%2C%22match-col-lg%22%3A%22inherit%22%2C%22show-divider%22%3A%220%22%2C%22divider%22%3A%7B%22divider-width%22%3A%221%22%2C%22divider-height%22%3A%22100%25%22%2C%22divider-h-alignment%22%3A%22left%22%2C%22divider-v-alignment%22%3A%22center%22%2C%22divider-color%22%3A%22%23c4c4c4%22%7D%2C%22force-fullwidth%22%3A%220%22%7D%7D%7D&#8221;][ffb_column_1 unique_id=&#8221;2986lag6&#8243; data=&#8221;%7B%22o%22%3A%7B%22gen%22%3A%7B%22ffsys-disabled%22%3A%220%22%2C%22ffsys-info%22%3A%22%7B%7D%22%2C%22xs%22%3A%2212%22%2C%22sm%22%3A%22unset%22%2C%22md%22%3A%226%22%2C%22lg%22%3A%22unset%22%2C%22is-centered%22%3A%220%22%2C%22is-bg-clipped%22%3A%220%22%2C%22xs-last%22%3A%22no%22%2C%22sm-last%22%3A%22unset%22%2C%22md-last%22%3A%22unset%22%2C%22lg-last%22%3A%22unset%22%2C%22xs-offset%22%3A%22unset%22%2C%22sm-offset%22%3A%22unset%22%2C%22md-offset%22%3A%22unset%22%2C%22lg-offset%22%3A%22unset%22%2C%22xs-pull%22%3A%22unset%22%2C%22sm-pull%22%3A%22unset%22%2C%22md-pull%22%3A%22unset%22%2C%22lg-pull%22%3A%22unset%22%2C%22xs-push%22%3A%22unset%22%2C%22sm-push%22%3A%22unset%22%2C%22md-push%22%3A%22unset%22%2C%22lg-push%22%3A%22unset%22%2C%22xs-overlap%22%3A%22no%22%2C%22sm-overlap%22%3A%22unset%22%2C%22md-overlap%22%3A%22unset%22%2C%22lg-overlap%22%3A%22unset%22%7D%7D%7D&#8221;][ffb_section-heading_2 unique_id=&#8221;2986lk2h&#8221; data=&#8221;%7B%22o%22%3A%7B%22gen%22%3A%7B%22ffsys-disabled%22%3A%220%22%2C%22ffsys-info%22%3A%22%7B%7D%22%2C%22repeated-lines%22%3A%7B%220-%7C-h2%22%3A%7B%22h2%22%3A%7B%22clrs%22%3A%7B%22text-custom-color%22%3A%22%5B1%5D%22%2C%22font-size%22%3A%2228%22%7D%2C%22text-is-richtext%22%3A%220%22%7D%7D%2C%221-%7C-paragraph%22%3A%7B%22paragraph%22%3A%7B%22text-is-richtext%22%3A%220%22%7D%7D%2C%222-%7C-divider%22%3A%7B%22divider%22%3A%7B%22blank%22%3A%22blank%22%7D%7D%2C%223-%7C-paragraph%22%3A%7B%22paragraph%22%3A%7B%22text-is-richtext%22%3A%221%22%7D%7D%2C%224-%7C-paragraph%22%3A%7B%22paragraph%22%3A%7B%22text-is-richtext%22%3A%221%22%7D%7D%2C%225-%7C-divider%22%3A%7B%22divider%22%3A%7B%22blank%22%3A%22blank%22%7D%7D%2C%226-%7C-paragraph%22%3A%7B%22paragraph%22%3A%7B%22text-is-richtext%22%3A%221%22%7D%7D%7D%7D%2C%22clrs%22%3A%7B%22text-align%22%3A%22left%22%7D%7D%7D&#8221;][ffb_param route=&#8221;o gen repeated-lines 0-|-h2 h2 text&#8221;]Preise, 1\/2\/3\/4\/5\/6 N\u00e4chte[\/ffb_param][ffb_param route=&#8221;o gen [&hellip;]<\/p>","protected":false},"author":1,"featured_media":0,"parent":0,"menu_order":0,"comment_status":"closed","ping_status":"closed","template":"","meta":{"footnotes":""},"_links":{"self":[{"href":"https:\/\/colledellasinello.com\/en\/wp-json\/wp\/v2\/pages\/908"}],"collection":[{"href":"https:\/\/colledellasinello.com\/en\/wp-json\/wp\/v2\/pages"}],"about":[{"href":"https:\/\/colledellasinello.com\/en\/wp-json\/wp\/v2\/types\/page"}],"author":[{"embeddable":true,"href":"https:\/\/colledellasinello.com\/en\/wp-json\/wp\/v2\/users\/1"}],"replies":[{"embeddable":true,"href":"https:\/\/colledellasinello.com\/en\/wp-json\/wp\/v2\/comments?post=908"}],"version-history":[{"count":6,"href":"https:\/\/colledellasinello.com\/en\/wp-json\/wp\/v2\/pages\/908\/revisions"}],"predecessor-version":[{"id":1067,"href":"https:\/\/colledellasinello.com\/en\/wp-json\/wp\/v2\/pages\/908\/revisions\/1067"}],"wp:attachment":[{"href":"https:\/\/colledellasinello.com\/en\/wp-json\/wp\/v2\/media?parent=908"}],"curies":[{"name":"wp","href":"https:\/\/api.w.org\/{rel}","templated":true}]}}