{"id":739,"date":"2018-06-29T16:33:55","date_gmt":"2018-06-29T14:33:55","guid":{"rendered":"https:\/\/colledellasinello.com\/?page_id=739"},"modified":"2023-12-17T10:06:49","modified_gmt":"2023-12-17T09:06:49","slug":"privacy-2","status":"publish","type":"page","link":"https:\/\/colledellasinello.com\/en\/privacy-2\/","title":{"rendered":"Privacy"},"content":{"rendered":"<div data-elementor-type=\"wp-page\" data-elementor-id=\"739\" class=\"elementor elementor-739\" data-elementor-post-type=\"page\">\n\t\t\t\t\t\t\t<div class=\"elementor-element elementor-element-6c6173be e-con-full e-flex e-con e-parent\" data-id=\"6c6173be\" data-element_type=\"container\" data-settings=\"{&quot;background_background&quot;:&quot;slideshow&quot;,&quot;content_width&quot;:&quot;full&quot;,&quot;background_slideshow_gallery&quot;:[{&quot;id&quot;:6024,&quot;url&quot;:&quot;https:\\\/\\\/colledellasinello.com\\\/wp-content\\\/uploads\\\/2023\\\/10\\\/colle-dellasinello.jpg&quot;},{&quot;id&quot;:6029,&quot;url&quot;:&quot;https:\\\/\\\/colledellasinello.com\\\/wp-content\\\/uploads\\\/2023\\\/10\\\/la_villa_colle_dell_Asinello-1.jpg&quot;}],&quot;background_slideshow_ken_burns&quot;:&quot;yes&quot;,&quot;background_slideshow_loop&quot;:&quot;yes&quot;,&quot;background_slideshow_slide_duration&quot;:5000,&quot;background_slideshow_slide_transition&quot;:&quot;fade&quot;,&quot;background_slideshow_transition_duration&quot;:500,&quot;background_slideshow_ken_burns_zoom_direction&quot;:&quot;in&quot;}\" data-core-v316-plus=\"true\">\n\t\t<div class=\"elementor-element elementor-element-1cb13d4e e-con-full e-flex e-con e-child\" data-id=\"1cb13d4e\" data-element_type=\"container\" data-settings=\"{&quot;content_width&quot;:&quot;full&quot;}\">\n\t\t\t\t<div data-parallax=\"true\" data-parallax-options=\"{&quot;ease&quot;:[&quot;linear&quot;],&quot;start&quot;:&quot;center center&quot;,&quot;end&quot;:&quot;bottom+=0px top&quot;}\" data-parallax-from=\"{&quot;y&quot;:&quot;0px&quot;}\" data-parallax-to=\"{&quot;y&quot;:&quot;-60px&quot;}\" data-custom-animations=\"true\" data-ca-options=\"{&quot;addChildTimelines&quot;:false,&quot;animationTarget&quot;:&quot;.lqd-split-chars .lqd-chars .split-inner, .lqd-adv-txt-fig&quot;,&quot;duration&quot;:300,&quot;delay&quot;:40,&quot;ease&quot;:[&quot;power4.out&quot;],&quot;initValues&quot;:{&quot;x&quot;:&quot;-20px&quot;,&quot;rotationX&quot;:10,&quot;opacity&quot;:0},&quot;animations&quot;:{&quot;x&quot;:&quot;0px&quot;,&quot;rotationX&quot;:0,&quot;opacity&quot;:1}}\" class=\"elementor-element elementor-element-351fa8d4 elementor-widget elementor-widget-hub_fancy_heading lqd-el-has-inner-anim\" data-id=\"351fa8d4\" data-element_type=\"widget\" data-settings=\"{&quot;enable_split&quot;:&quot;true&quot;,&quot;split_type&quot;:&quot;chars, words&quot;}\" data-widget_type=\"hub_fancy_heading.default\">\n\t\t\t\t<div class=\"elementor-widget-container\">\n\t\t\t\n\t\t<div id=\"ld-fancy-heading-69d3c47fda56d\" class=\"ld-fancy-heading pos-rel\">\n\t\t\t<h2 class=\"ld-fh-element d-inline-block pos-rel  elementor-heading-title lqd-highlight-classic lqd-highlight-grow-left lqd-split-chars h2\"  data-split-text=\"true\" data-split-options='{\"type\":\"chars, words\"}'> Privacy Policy<\/h2>\t\t<\/div>\n\n\t\t\t\t<\/div>\n\t\t\t\t<\/div>\n\t\t\t\t<\/div>\n\t\t\t\t<\/div>\n\t\t<div class=\"elementor-element elementor-element-5dca6198 e-flex e-con-boxed e-con e-parent\" data-id=\"5dca6198\" data-element_type=\"container\" id=\"about\" data-settings=\"{&quot;background_background&quot;:&quot;classic&quot;,&quot;content_width&quot;:&quot;boxed&quot;}\" data-core-v316-plus=\"true\">\n\t\t\t\t\t<div class=\"e-con-inner\">\n\t\t<div class=\"elementor-element elementor-element-2675d430 e-flex e-con-boxed e-con e-child\" data-id=\"2675d430\" data-element_type=\"container\" data-settings=\"{&quot;content_width&quot;:&quot;boxed&quot;}\">\n\t\t\t\t\t<div class=\"e-con-inner\">\n\t\t\t\t<div class=\"elementor-element elementor-element-ca823e6 elementor-widget elementor-widget-text-editor\" data-id=\"ca823e6\" data-element_type=\"widget\" data-widget_type=\"text-editor.default\">\n\t\t\t\t<div class=\"elementor-widget-container\">\n\t\t\t\t\t\t\t<h2 class=\"ffb-id-298nm255 fg-heading text-left    fg-text-dark\">Privacy<\/h2><div class=\"ffb-id-298nlpfp fg-paragraph ff-richtext text-left    fg-text-dark\"><p>Ai sensi del D.Lgs. 196\/2003 \u201cCodice in materia di protezione dei dati personali\u201d, i dati personali da Lei forniti, saranno trattati dal gestore del sito, Logica Solution srl, nel pieno rispetto della normativa sopra richiamata.<\/p><p>Le procedure software e il sistema informatico preposto al funzionamento dei siti web acquisiscono, nel corso del loro normale esercizio, alcuni dati la cui trasmissione \u00e8 implicita nell\u2019uso dei protocolli di comunicazione di Internet.<\/p><p>Queste informazioni non sono raccolte per essere associate a interessati identificati, ma per loro stessa natura potrebbero, attraverso elaborazioni ed associazioni con dati detenuti dal Titolare o da terzi, permettere di identificare gli utenti.<\/p><p>In questa categoria di dati rientrano gli indirizzi IP o i nomi a dominio dei computer utilizzati dagli utenti che si connettono al sito, gli indirizzi in notazione URI (Uniform Resource Identifier) delle risorse richieste, l\u2019orario della richiesta, il metodo utilizzato nel sottoporre la richiesta al server, la dimensione del file ottenuto in risposta, il codice numerico indicante lo stato della risposta data dal server (buon fine, errore, ecc.) ed altri parametri relativi al sistema operativo e all\u2019ambiente informatico dell\u2019utente.<\/p><p>Questi dati potranno essere utilizzati dal Titolare al solo fine di ricavare informazioni statistiche anonime sull\u2019uso del sito al fine di individuare le pagine preferite dagli utenti in modo da fornire contenuti sempre pi\u00f9 adeguati e per controllarne il corretto funzionamento. I dati potrebbero essere utilizzati per l\u2019accertamento di responsabilit\u00e0 in caso di ipotetici reati informatici ai danni del sito.<\/p><p>Cookies<\/p><p>I cookies sono dei files che possono essere registrati sul disco rigido del suo computer. Questo permette una navigazione pi\u00f9 agevole e una maggiore facilit\u00e0 d\u2019uso del sito stesso.<\/p><p>I cookies possono essere usati per determinare se \u00e8 gi\u00e0 stata effettuata una connessione fra il suo computer e le nostre pagine. Viene identificato solo il cookie memorizzato sul suo computer.<\/p><p>Naturalmente \u00e8 possibile visitare il sito anche senza i cookies. La maggior parte dei browser accetta cookies automaticamente. Si pu\u00f2 evitare la registrazione automatica dei cookies selezionando l\u2019opzione \u201cnon accettare i cookies\u201d fra quelle proposte. Per avere ulteriori informazioni su come effettuare questa operazione si pu\u00f2 fare riferimento alle istruzioni del browser. E\u2019 possibile cancellare in ogni momento eventuali cookies gi\u00e0 presenti sul disco rigido. La scelta di non far accettare cookies dal browser pu\u00f2 limitare le funzioni accessibili sul nostro sito.<\/p><p>I cookies di terze parti sono raccolti per consentire al Titolare di fornire i propri servizi, cos\u00ec come per le seguenti finalit\u00e0: Statistica, Pubblicit\u00e0, Commento dei contenuti e Interazione con social network e piattaforme esterne.<\/p><p>Dati personali<\/p><p>I dati personali che Lei fornir\u00e0 verranno registrati e conservati su supporti elettronici protetti e trattati con adeguate misure di sicurezza anche associandoli ed integrandoli con altri DataBase.<\/p><p>I dati e i cookies da Lei ricevuti saranno trattati dal gestore del sito esclusivamente con modalit\u00e0 e procedure necessarie per fornirLe i servizi da Lei richiesti.<\/p><\/div>\t\t\t\t\t\t<\/div>\n\t\t\t\t<\/div>\n\t\t\t\t\t<\/div>\n\t\t\t\t<\/div>\n\t\t\t\t\t<\/div>\n\t\t\t\t<\/div>\n\t\t<div class=\"elementor-element elementor-element-710323d7 e-con-full e-flex e-con e-parent\" data-id=\"710323d7\" data-element_type=\"container\" data-settings=\"{&quot;content_width&quot;:&quot;full&quot;,&quot;background_background&quot;:&quot;classic&quot;}\" data-core-v316-plus=\"true\">\n\t\t\t\t<div class=\"elementor-element elementor-element-42f31de5 elementor-widget__width-inherit elementor-widget elementor-widget-ld_carousel\" data-id=\"42f31de5\" data-element_type=\"widget\" data-widget_type=\"ld_carousel.default\">\n\t\t\t\t<div class=\"elementor-widget-container\">\n\t\t\t\n\t\t<div class=\"carousel-container pos-rel carousel-nav-shaped\" id=\"\" >\n\n\t\t\t<div class=\"carousel-items pos-rel\"  data-lqd-flickity='{\"marquee\":true,\"percentPosition\":false,\"columnsAutoWidth\":true,\"marqueeTickerSpeed\":\"1.2\",\"pauseAutoPlayOnHover\":false}'>\n\n\t\t\t\t\t\t\t\t<div class=\"flickity-viewport pos-rel w-100 overflow-hidden\">\n\t\t\t\t\t<div class=\"flickity-slider d-flex w-100 h-100 pos-rel align-items-start\" style=\"left: 0; transform: translateX(0%);\">\n\t\t\t\t\t\t\t\t\t\t\t\t\t<div class=\"carousel-item d-flex flex-column justify-content-center elementor-repeater-item-f0a32aa\">\n\t\t\t\t\t\t\t\t<div class=\"carousel-item-inner pos-rel w-100\">\n\t\t\t\t\t\t\t\t\t<div class=\"carousel-item-content pos-rel w-100\">\n\n\t\t\t\t\t\t\t\t\t\t<div class=\"h4\" style=\"color: inherit;\">\u2022 Heated Swimming Pool<\/div>\t\t\t\t\t\t\t\t\t<\/div>\n\t\t\t\t\t\t\t\t<\/div>\n\t\t\t\t\t\t\t<\/div>\n\t\t\t\t\t\t\t\t\t\t\t\t\t<div class=\"carousel-item d-flex flex-column justify-content-center elementor-repeater-item-6e1a18d\">\n\t\t\t\t\t\t\t\t<div class=\"carousel-item-inner pos-rel w-100\">\n\t\t\t\t\t\t\t\t\t<div class=\"carousel-item-content pos-rel w-100\">\n\n\t\t\t\t\t\t\t\t\t\t<div class=\"h4\" style=\"color: inherit;\">\u2022 Hot Tub<\/div>\t\t\t\t\t\t\t\t\t<\/div>\n\t\t\t\t\t\t\t\t<\/div>\n\t\t\t\t\t\t\t<\/div>\n\t\t\t\t\t\t\t\t\t\t\t\t\t<div class=\"carousel-item d-flex flex-column justify-content-center elementor-repeater-item-4c692e5\">\n\t\t\t\t\t\t\t\t<div class=\"carousel-item-inner pos-rel w-100\">\n\t\t\t\t\t\t\t\t\t<div class=\"carousel-item-content pos-rel w-100\">\n\n\t\t\t\t\t\t\t\t\t\t<div class=\"h4\" style=\"color: inherit;\">\u2022 Private SPA<\/div>\t\t\t\t\t\t\t\t\t<\/div>\n\t\t\t\t\t\t\t\t<\/div>\n\t\t\t\t\t\t\t<\/div>\n\t\t\t\t\t\t\t\t\t\t\t\t\t<div class=\"carousel-item d-flex flex-column justify-content-center elementor-repeater-item-0da94e4\">\n\t\t\t\t\t\t\t\t<div class=\"carousel-item-inner pos-rel w-100\">\n\t\t\t\t\t\t\t\t\t<div class=\"carousel-item-content pos-rel w-100\">\n\n\t\t\t\t\t\t\t\t\t\t<div class=\"h4\" style=\"color: inherit;\">\u2022 Massage Villa<\/div>\t\t\t\t\t\t\t\t\t<\/div>\n\t\t\t\t\t\t\t\t<\/div>\n\t\t\t\t\t\t\t<\/div>\n\t\t\t\t\t\t\t\t\t\t\t\t\t<div class=\"carousel-item d-flex flex-column justify-content-center elementor-repeater-item-a35230b\">\n\t\t\t\t\t\t\t\t<div class=\"carousel-item-inner pos-rel w-100\">\n\t\t\t\t\t\t\t\t\t<div class=\"carousel-item-content pos-rel w-100\">\n\n\t\t\t\t\t\t\t\t\t\t<div class=\"h4\" style=\"color: inherit;\">\u2022 Welcome Food Pack<\/div>\t\t\t\t\t\t\t\t\t<\/div>\n\t\t\t\t\t\t\t\t<\/div>\n\t\t\t\t\t\t\t<\/div>\n\t\t\t\t\t\t\t\t\t\t\t\t\t<div class=\"carousel-item d-flex flex-column justify-content-center elementor-repeater-item-a1078c5\">\n\t\t\t\t\t\t\t\t<div class=\"carousel-item-inner pos-rel w-100\">\n\t\t\t\t\t\t\t\t\t<div class=\"carousel-item-content pos-rel w-100\">\n\n\t\t\t\t\t\t\t\t\t\t<div class=\"h4\" style=\"color: inherit;\">\u2022 Chef Villa<\/div>\t\t\t\t\t\t\t\t\t<\/div>\n\t\t\t\t\t\t\t\t<\/div>\n\t\t\t\t\t\t\t<\/div>\n\t\t\t\t\t\t\t\t\t\t\t\t\t<div class=\"carousel-item d-flex flex-column justify-content-center elementor-repeater-item-eac1892\">\n\t\t\t\t\t\t\t\t<div class=\"carousel-item-inner pos-rel w-100\">\n\t\t\t\t\t\t\t\t\t<div class=\"carousel-item-content pos-rel w-100\">\n\n\t\t\t\t\t\t\t\t\t\t<div class=\"h4\" style=\"color: inherit;\">\u2022 Formula hotel<\/div>\t\t\t\t\t\t\t\t\t<\/div>\n\t\t\t\t\t\t\t\t<\/div>\n\t\t\t\t\t\t\t<\/div>\n\t\t\t\t\t\t\t\t\t\t\t\t\t<div class=\"carousel-item d-flex flex-column justify-content-center elementor-repeater-item-59ac257\">\n\t\t\t\t\t\t\t\t<div class=\"carousel-item-inner pos-rel w-100\">\n\t\t\t\t\t\t\t\t\t<div class=\"carousel-item-content pos-rel w-100\">\n\n\t\t\t\t\t\t\t\t\t\t<div class=\"h4\" style=\"color: inherit;\">\u2022 Baby-Sitter<\/div>\t\t\t\t\t\t\t\t\t<\/div>\n\t\t\t\t\t\t\t\t<\/div>\n\t\t\t\t\t\t\t<\/div>\n\t\t\t\t\t\t\t\t\t\t\t<\/div>\n\t\t\t\t<\/div>\n\t\t\t<\/div>\n\t\t\t\n\t\t\t\n\t\t<\/div>\n\t\t\t\t<\/div>\n\t\t\t\t<\/div>\n\t\t\t\t<\/div>\n\t\t<div class=\"elementor-element elementor-element-5a753e54 e-con-full e-flex e-con e-parent\" data-id=\"5a753e54\" data-element_type=\"container\" data-settings=\"{&quot;content_width&quot;:&quot;full&quot;}\" data-core-v316-plus=\"true\">\n\t\t\t\t<div class=\"elementor-element elementor-element-f894a1d elementor-widget elementor-widget-gallery\" data-id=\"f894a1d\" data-element_type=\"widget\" data-settings=\"{&quot;columns_mobile&quot;:2,&quot;gap&quot;:{&quot;unit&quot;:&quot;px&quot;,&quot;size&quot;:0,&quot;sizes&quot;:[]},&quot;gap_mobile&quot;:{&quot;unit&quot;:&quot;px&quot;,&quot;size&quot;:0,&quot;sizes&quot;:[]},&quot;lazyload&quot;:&quot;yes&quot;,&quot;gallery_layout&quot;:&quot;grid&quot;,&quot;columns&quot;:4,&quot;columns_tablet&quot;:2,&quot;gap_tablet&quot;:{&quot;unit&quot;:&quot;px&quot;,&quot;size&quot;:10,&quot;sizes&quot;:[]},&quot;link_to&quot;:&quot;file&quot;,&quot;aspect_ratio&quot;:&quot;3:2&quot;,&quot;overlay_background&quot;:&quot;yes&quot;,&quot;content_hover_animation&quot;:&quot;fade-in&quot;}\" data-widget_type=\"gallery.default\">\n\t\t\t\t<div class=\"elementor-widget-container\">\n\t\t\t\t\t<div class=\"elementor-gallery__container\">\n\t\t\t\t\t\t\t<a class=\"e-gallery-item elementor-gallery-item elementor-animated-content\" href=\"https:\/\/colledellasinello.com\/wp-content\/uploads\/2023\/10\/ci-noni-1170x658-1.jpg\" data-elementor-open-lightbox=\"yes\" data-elementor-lightbox-slideshow=\"f894a1d\" data-elementor-lightbox-title=\"ci-noni-1170x658 (1)\" data-e-action-hash=\"#elementor-action%3Aaction%3Dlightbox%26settings%3DeyJpZCI6NjAyNywidXJsIjoiaHR0cHM6XC9cL2NvbGxlZGVsbGFzaW5lbGxvLmNvbVwvd3AtY29udGVudFwvdXBsb2Fkc1wvMjAyM1wvMTBcL2NpLW5vbmktMTE3MHg2NTgtMS5qcGciLCJzbGlkZXNob3ciOiJmODk0YTFkIn0%3D\">\n\t\t\t\t\t<div class=\"e-gallery-image elementor-gallery-item__image\" data-thumbnail=\"https:\/\/colledellasinello.com\/wp-content\/uploads\/2023\/10\/ci-noni-1170x658-1-300x169.jpg\" data-width=\"300\" data-height=\"169\" aria-label=\"\" role=\"img\" ><\/div>\n\t\t\t\t\t\t\t\t\t\t\t<div class=\"elementor-gallery-item__overlay\"><\/div>\n\t\t\t\t\t\t\t\t\t\t\t\t\t\t<\/a>\n\t\t\t\t\t\t\t<a class=\"e-gallery-item elementor-gallery-item elementor-animated-content\" href=\"https:\/\/colledellasinello.com\/wp-content\/uploads\/2023\/10\/DSC_0335-1.jpg\" data-elementor-open-lightbox=\"yes\" data-elementor-lightbox-slideshow=\"f894a1d\" data-elementor-lightbox-title=\"DSC_0335-1\" data-e-action-hash=\"#elementor-action%3Aaction%3Dlightbox%26settings%3DeyJpZCI6NjAyNiwidXJsIjoiaHR0cHM6XC9cL2NvbGxlZGVsbGFzaW5lbGxvLmNvbVwvd3AtY29udGVudFwvdXBsb2Fkc1wvMjAyM1wvMTBcL0RTQ18wMzM1LTEuanBnIiwic2xpZGVzaG93IjoiZjg5NGExZCJ9\">\n\t\t\t\t\t<div class=\"e-gallery-image elementor-gallery-item__image\" data-thumbnail=\"https:\/\/colledellasinello.com\/wp-content\/uploads\/2023\/10\/DSC_0335-1-300x200.jpg\" data-width=\"300\" data-height=\"200\" aria-label=\"\" role=\"img\" ><\/div>\n\t\t\t\t\t\t\t\t\t\t\t<div class=\"elementor-gallery-item__overlay\"><\/div>\n\t\t\t\t\t\t\t\t\t\t\t\t\t\t<\/a>\n\t\t\t\t\t\t\t<a class=\"e-gallery-item elementor-gallery-item elementor-animated-content\" href=\"https:\/\/colledellasinello.com\/wp-content\/uploads\/2023\/10\/colledellasinello_1-2.jpg\" data-elementor-open-lightbox=\"yes\" data-elementor-lightbox-slideshow=\"f894a1d\" data-elementor-lightbox-title=\"colledellasinello_1-2\" data-e-action-hash=\"#elementor-action%3Aaction%3Dlightbox%26settings%3DeyJpZCI6NjAyNSwidXJsIjoiaHR0cHM6XC9cL2NvbGxlZGVsbGFzaW5lbGxvLmNvbVwvd3AtY29udGVudFwvdXBsb2Fkc1wvMjAyM1wvMTBcL2NvbGxlZGVsbGFzaW5lbGxvXzEtMi5qcGciLCJzbGlkZXNob3ciOiJmODk0YTFkIn0%3D\">\n\t\t\t\t\t<div class=\"e-gallery-image elementor-gallery-item__image\" data-thumbnail=\"https:\/\/colledellasinello.com\/wp-content\/uploads\/2023\/10\/colledellasinello_1-2-300x200.jpg\" data-width=\"300\" data-height=\"200\" aria-label=\"\" role=\"img\" ><\/div>\n\t\t\t\t\t\t\t\t\t\t\t<div class=\"elementor-gallery-item__overlay\"><\/div>\n\t\t\t\t\t\t\t\t\t\t\t\t\t\t<\/a>\n\t\t\t\t\t\t\t<a class=\"e-gallery-item elementor-gallery-item elementor-animated-content\" href=\"https:\/\/colledellasinello.com\/wp-content\/uploads\/2023\/10\/colle-dellasinello.jpg\" data-elementor-open-lightbox=\"yes\" data-elementor-lightbox-slideshow=\"f894a1d\" data-elementor-lightbox-title=\"colle-dellasinello\" data-e-action-hash=\"#elementor-action%3Aaction%3Dlightbox%26settings%3DeyJpZCI6NjAyNCwidXJsIjoiaHR0cHM6XC9cL2NvbGxlZGVsbGFzaW5lbGxvLmNvbVwvd3AtY29udGVudFwvdXBsb2Fkc1wvMjAyM1wvMTBcL2NvbGxlLWRlbGxhc2luZWxsby5qcGciLCJzbGlkZXNob3ciOiJmODk0YTFkIn0%3D\">\n\t\t\t\t\t<div class=\"e-gallery-image elementor-gallery-item__image\" data-thumbnail=\"https:\/\/colledellasinello.com\/wp-content\/uploads\/2023\/10\/colle-dellasinello-300x169.jpg\" data-width=\"300\" data-height=\"169\" aria-label=\"\" role=\"img\" ><\/div>\n\t\t\t\t\t\t\t\t\t\t\t<div class=\"elementor-gallery-item__overlay\"><\/div>\n\t\t\t\t\t\t\t\t\t\t\t\t\t\t<\/a>\n\t\t\t\t\t\t\t<a class=\"e-gallery-item elementor-gallery-item elementor-animated-content\" href=\"https:\/\/colledellasinello.com\/wp-content\/uploads\/2023\/10\/C5549-1-1170x780-1.jpg\" data-elementor-open-lightbox=\"yes\" data-elementor-lightbox-slideshow=\"f894a1d\" data-elementor-lightbox-title=\"C5549-1-1170x780\" data-e-action-hash=\"#elementor-action%3Aaction%3Dlightbox%26settings%3DeyJpZCI6NjAyMywidXJsIjoiaHR0cHM6XC9cL2NvbGxlZGVsbGFzaW5lbGxvLmNvbVwvd3AtY29udGVudFwvdXBsb2Fkc1wvMjAyM1wvMTBcL0M1NTQ5LTEtMTE3MHg3ODAtMS5qcGciLCJzbGlkZXNob3ciOiJmODk0YTFkIn0%3D\">\n\t\t\t\t\t<div class=\"e-gallery-image elementor-gallery-item__image\" data-thumbnail=\"https:\/\/colledellasinello.com\/wp-content\/uploads\/2023\/10\/C5549-1-1170x780-1-300x200.jpg\" data-width=\"300\" data-height=\"200\" aria-label=\"\" role=\"img\" ><\/div>\n\t\t\t\t\t\t\t\t\t\t\t<div class=\"elementor-gallery-item__overlay\"><\/div>\n\t\t\t\t\t\t\t\t\t\t\t\t\t\t<\/a>\n\t\t\t\t\t\t\t<a class=\"e-gallery-item elementor-gallery-item elementor-animated-content\" href=\"https:\/\/colledellasinello.com\/wp-content\/uploads\/2023\/10\/C6445-1-1170x776-1.jpg\" data-elementor-open-lightbox=\"yes\" data-elementor-lightbox-slideshow=\"f894a1d\" data-elementor-lightbox-title=\"C6445-1-1170x776\" data-e-action-hash=\"#elementor-action%3Aaction%3Dlightbox%26settings%3DeyJpZCI6NjAyMiwidXJsIjoiaHR0cHM6XC9cL2NvbGxlZGVsbGFzaW5lbGxvLmNvbVwvd3AtY29udGVudFwvdXBsb2Fkc1wvMjAyM1wvMTBcL0M2NDQ1LTEtMTE3MHg3NzYtMS5qcGciLCJzbGlkZXNob3ciOiJmODk0YTFkIn0%3D\">\n\t\t\t\t\t<div class=\"e-gallery-image elementor-gallery-item__image\" data-thumbnail=\"https:\/\/colledellasinello.com\/wp-content\/uploads\/2023\/10\/C6445-1-1170x776-1-300x199.jpg\" data-width=\"300\" data-height=\"199\" aria-label=\"\" role=\"img\" ><\/div>\n\t\t\t\t\t\t\t\t\t\t\t<div class=\"elementor-gallery-item__overlay\"><\/div>\n\t\t\t\t\t\t\t\t\t\t\t\t\t\t<\/a>\n\t\t\t\t\t\t\t<a class=\"e-gallery-item elementor-gallery-item elementor-animated-content\" href=\"https:\/\/colledellasinello.com\/wp-content\/uploads\/2023\/10\/DSC6017-1170x780-1.jpg\" data-elementor-open-lightbox=\"yes\" data-elementor-lightbox-slideshow=\"f894a1d\" data-elementor-lightbox-title=\"DSC6017-1170x780-1\" data-e-action-hash=\"#elementor-action%3Aaction%3Dlightbox%26settings%3DeyJpZCI6NjAxOSwidXJsIjoiaHR0cHM6XC9cL2NvbGxlZGVsbGFzaW5lbGxvLmNvbVwvd3AtY29udGVudFwvdXBsb2Fkc1wvMjAyM1wvMTBcL0RTQzYwMTctMTE3MHg3ODAtMS5qcGciLCJzbGlkZXNob3ciOiJmODk0YTFkIn0%3D\">\n\t\t\t\t\t<div class=\"e-gallery-image elementor-gallery-item__image\" data-thumbnail=\"https:\/\/colledellasinello.com\/wp-content\/uploads\/2023\/10\/DSC6017-1170x780-1-300x200.jpg\" data-width=\"300\" data-height=\"200\" aria-label=\"\" role=\"img\" ><\/div>\n\t\t\t\t\t\t\t\t\t\t\t<div class=\"elementor-gallery-item__overlay\"><\/div>\n\t\t\t\t\t\t\t\t\t\t\t\t\t\t<\/a>\n\t\t\t\t\t\t\t<a class=\"e-gallery-item elementor-gallery-item elementor-animated-content\" href=\"https:\/\/colledellasinello.com\/wp-content\/uploads\/2023\/10\/C5469-1-1170x780-1.jpg\" data-elementor-open-lightbox=\"yes\" data-elementor-lightbox-slideshow=\"f894a1d\" data-elementor-lightbox-title=\"C5469-1-1170x780\" data-e-action-hash=\"#elementor-action%3Aaction%3Dlightbox%26settings%3DeyJpZCI6NjAyMCwidXJsIjoiaHR0cHM6XC9cL2NvbGxlZGVsbGFzaW5lbGxvLmNvbVwvd3AtY29udGVudFwvdXBsb2Fkc1wvMjAyM1wvMTBcL0M1NDY5LTEtMTE3MHg3ODAtMS5qcGciLCJzbGlkZXNob3ciOiJmODk0YTFkIn0%3D\">\n\t\t\t\t\t<div class=\"e-gallery-image elementor-gallery-item__image\" data-thumbnail=\"https:\/\/colledellasinello.com\/wp-content\/uploads\/2023\/10\/C5469-1-1170x780-1-300x200.jpg\" data-width=\"300\" data-height=\"200\" aria-label=\"\" role=\"img\" ><\/div>\n\t\t\t\t\t\t\t\t\t\t\t<div class=\"elementor-gallery-item__overlay\"><\/div>\n\t\t\t\t\t\t\t\t\t\t\t\t\t\t<\/a>\n\t\t\t\t\t<\/div>\n\t\t\t<\/div>\n\t\t\t\t<\/div>\n\t\t\t\t<\/div>\n\t\t\t\t\t\t\t<\/div>","protected":false},"excerpt":{"rendered":"<p>Privacy Policy Privacy Ai sensi del D.Lgs. 196\/2003 \u201cCodice in materia di protezione dei dati personali\u201d, i dati personali da Lei forniti, saranno trattati dal gestore del sito, Logica Solution srl, nel pieno rispetto della normativa sopra richiamata. Le procedure software e il sistema informatico preposto al funzionamento dei siti web acquisiscono, nel corso del [&hellip;]<\/p>","protected":false},"author":1,"featured_media":0,"parent":0,"menu_order":0,"comment_status":"closed","ping_status":"closed","template":"","meta":{"footnotes":""},"_links":{"self":[{"href":"https:\/\/colledellasinello.com\/en\/wp-json\/wp\/v2\/pages\/739"}],"collection":[{"href":"https:\/\/colledellasinello.com\/en\/wp-json\/wp\/v2\/pages"}],"about":[{"href":"https:\/\/colledellasinello.com\/en\/wp-json\/wp\/v2\/types\/page"}],"author":[{"embeddable":true,"href":"https:\/\/colledellasinello.com\/en\/wp-json\/wp\/v2\/users\/1"}],"replies":[{"embeddable":true,"href":"https:\/\/colledellasinello.com\/en\/wp-json\/wp\/v2\/comments?post=739"}],"version-history":[{"count":7,"href":"https:\/\/colledellasinello.com\/en\/wp-json\/wp\/v2\/pages\/739\/revisions"}],"predecessor-version":[{"id":6422,"href":"https:\/\/colledellasinello.com\/en\/wp-json\/wp\/v2\/pages\/739\/revisions\/6422"}],"wp:attachment":[{"href":"https:\/\/colledellasinello.com\/en\/wp-json\/wp\/v2\/media?parent=739"}],"curies":[{"name":"wp","href":"https:\/\/api.w.org\/{rel}","templated":true}]}}