{"id":416,"date":"2018-06-29T11:02:03","date_gmt":"2018-06-29T09:02:03","guid":{"rendered":"https:\/\/colledellasinello.com\/?page_id=416"},"modified":"2023-12-17T09:32:03","modified_gmt":"2023-12-17T08:32:03","slug":"condizioni-e-pagamenti","status":"publish","type":"page","link":"https:\/\/colledellasinello.com\/en\/condizioni-e-pagamenti\/","title":{"rendered":"Conditions and payments"},"content":{"rendered":"<div data-elementor-type=\"wp-page\" data-elementor-id=\"416\" class=\"elementor elementor-416\" data-elementor-post-type=\"page\">\n\t\t\t\t\t\t\t<div class=\"elementor-element elementor-element-488f24b6 e-con-full e-flex e-con e-parent\" data-id=\"488f24b6\" data-element_type=\"container\" data-settings=\"{&quot;background_background&quot;:&quot;slideshow&quot;,&quot;content_width&quot;:&quot;full&quot;,&quot;background_slideshow_gallery&quot;:[{&quot;id&quot;:6024,&quot;url&quot;:&quot;https:\\\/\\\/colledellasinello.com\\\/wp-content\\\/uploads\\\/2023\\\/10\\\/colle-dellasinello.jpg&quot;},{&quot;id&quot;:6029,&quot;url&quot;:&quot;https:\\\/\\\/colledellasinello.com\\\/wp-content\\\/uploads\\\/2023\\\/10\\\/la_villa_colle_dell_Asinello-1.jpg&quot;}],&quot;background_slideshow_ken_burns&quot;:&quot;yes&quot;,&quot;background_slideshow_loop&quot;:&quot;yes&quot;,&quot;background_slideshow_slide_duration&quot;:5000,&quot;background_slideshow_slide_transition&quot;:&quot;fade&quot;,&quot;background_slideshow_transition_duration&quot;:500,&quot;background_slideshow_ken_burns_zoom_direction&quot;:&quot;in&quot;}\" data-core-v316-plus=\"true\">\n\t\t<div class=\"elementor-element elementor-element-2542f8fa e-con-full e-flex e-con e-child\" data-id=\"2542f8fa\" data-element_type=\"container\" data-settings=\"{&quot;content_width&quot;:&quot;full&quot;}\">\n\t\t\t\t<div data-parallax=\"true\" data-parallax-options=\"{&quot;ease&quot;:[&quot;linear&quot;],&quot;start&quot;:&quot;center center&quot;,&quot;end&quot;:&quot;bottom+=0px top&quot;}\" data-parallax-from=\"{&quot;y&quot;:&quot;0px&quot;}\" data-parallax-to=\"{&quot;y&quot;:&quot;-60px&quot;}\" data-custom-animations=\"true\" data-ca-options=\"{&quot;addChildTimelines&quot;:false,&quot;animationTarget&quot;:&quot;.lqd-split-chars .lqd-chars .split-inner, .lqd-adv-txt-fig&quot;,&quot;duration&quot;:300,&quot;delay&quot;:40,&quot;ease&quot;:[&quot;power4.out&quot;],&quot;initValues&quot;:{&quot;x&quot;:&quot;-20px&quot;,&quot;rotationX&quot;:10,&quot;opacity&quot;:0},&quot;animations&quot;:{&quot;x&quot;:&quot;0px&quot;,&quot;rotationX&quot;:0,&quot;opacity&quot;:1}}\" class=\"elementor-element elementor-element-e4ef69c elementor-widget elementor-widget-hub_fancy_heading lqd-el-has-inner-anim\" data-id=\"e4ef69c\" data-element_type=\"widget\" data-settings=\"{&quot;enable_split&quot;:&quot;true&quot;,&quot;split_type&quot;:&quot;chars, words&quot;}\" data-widget_type=\"hub_fancy_heading.default\">\n\t\t\t\t<div class=\"elementor-widget-container\">\n\t\t\t\n\t\t<div id=\"ld-fancy-heading-69d3e1019b842\" class=\"ld-fancy-heading pos-rel\">\n\t\t\t<h2 class=\"ld-fh-element d-inline-block pos-rel  elementor-heading-title lqd-highlight-classic lqd-highlight-grow-left lqd-split-chars h2\"  data-split-text=\"true\" data-split-options='{\"type\":\"chars, words\"}'> Condizione e Pagamenti<\/h2>\t\t<\/div>\n\n\t\t\t\t<\/div>\n\t\t\t\t<\/div>\n\t\t\t\t<\/div>\n\t\t\t\t<\/div>\n\t\t<div class=\"elementor-element elementor-element-156d108c e-flex e-con-boxed e-con e-parent\" data-id=\"156d108c\" data-element_type=\"container\" id=\"about\" data-settings=\"{&quot;background_background&quot;:&quot;classic&quot;,&quot;content_width&quot;:&quot;boxed&quot;}\" data-core-v316-plus=\"true\">\n\t\t\t\t\t<div class=\"e-con-inner\">\n\t\t\t\t<div class=\"elementor-element elementor-element-1b6b838 elementor-widget elementor-widget-text-editor\" data-id=\"1b6b838\" data-element_type=\"widget\" data-widget_type=\"text-editor.default\">\n\t\t\t\t<div class=\"elementor-widget-container\">\n\t\t\t\t\t\t\t<div class=\"ffb-id-2987729c fg-paragraph ff-richtext text-left fg-text-dark\">Per effettuare una richiesta di prenotazione si prega di utilizzare i nostri contatti o l\u2019apposito\u00a0<a href=\"https:\/\/colledellasinello.com\/en\/condizioni-e-pagamenti\/#\">form Contatti.<\/a>\u00a0Saranno richiesti Vs dati per ultimare la procedura di prenotazione e quindi verr\u00e0 inviato al Vs indirizzo e-mail l\u2019apposito\u00a0<em><strong>\u201cModulo di Conferma prenotazione\u201d<\/strong><\/em>\u00a0contenente i dati cliente, il prezzo per il soggiorno e le modalit\u00e0 e termini di pagamento. Lo stesso modulo dovr\u00e0 essere firmato dal cliente ed inviato via e-mail per accettazione.<h4>Per le prenotazioni \u00e8 richiesto il pagamento di una caparra\u00a0 pari al 30 % del totale soggiorno, e quindi saldo entro i 90 giorni precedenti l\u2019arrivo.<\/h4>In caso di richieste di prenotazione a meno di 60 giorni \u00e8 richiesto il pagamento del saldo anticipato in un\u2019unica tranche. Il pagamento della caparra\u00a0 pu\u00f2 essere effettuato a mezzo bonifico bancario ai seguenti estremi:\u00a0<\/div><div class=\"ffb-id-2987729c fg-paragraph ff-richtext text-left fg-text-dark\"><em>Intestazione:<\/em>\u00a0<strong>CASALE SANT&#8217;ANGELO DI VALANCIUTE AUKSE<\/strong>\u00a0<\/div><div class=\"ffb-id-2987729c fg-paragraph ff-richtext text-left fg-text-dark\"><em>Banca di riferimento:<\/em>\u00a0<strong>BPER BANCA S.P.A.<\/strong>\u00a0<\/div><div class=\"ffb-id-2987729c fg-paragraph ff-richtext text-left fg-text-dark\"><em>IBAN:<\/em>\u00a0<strong>IT07Z0538721801000035151700<\/strong>\u00a0<\/div><div class=\"ffb-id-2987729c fg-paragraph ff-richtext text-left fg-text-dark\"><em>BIC: (SWIFT):\u00a0<\/em><strong>BPMOIT22XXX<\/strong>\u00a0<\/div><div>\u00a0<\/div><div class=\"ffb-id-2987729c fg-paragraph ff-richtext text-left fg-text-dark\">Oppure:\u00a0<\/div><div class=\"ffb-id-2987729c fg-paragraph ff-richtext text-left fg-text-dark\"><em>Intestazione:<\/em>\u00a0<strong>Azienda Agraria di Valanciute Aukse<\/strong>\u00a0<\/div><div class=\"ffb-id-2987729c fg-paragraph ff-richtext text-left fg-text-dark\"><em>Banca:<\/em>\u00a0<strong>BANCA INTESA SPA<\/strong>\u00a0<\/div><div class=\"ffb-id-2987729c fg-paragraph ff-richtext text-left fg-text-dark\"><em>IBAN:<\/em>\u00a0<strong>IT59 D 03069 21704 100000003367<\/strong>\u00a0<\/div><div class=\"ffb-id-2987729c fg-paragraph ff-richtext text-left fg-text-dark\"><em>BIC (SWIFT):<\/em>\u00a0<strong>BCITITMM<\/strong>\u00a0<\/div><div>\u00a0<\/div><div class=\"ffb-id-2987729c fg-paragraph ff-richtext text-left fg-text-dark\">Oppure tramite circuito Paypal \u2013 Carta di credito cliccando su \u201cPaga Adesso\u201d ed inserendo la somma richiesta.<\/div><h4 class=\"ffb-id-29876nhu fg-heading text-left    fg-text-dark\">Condizioni-Pagamenti: Possibile prenotare direttamente dalla nostra pagina CALENDARIO\/PRENOTA , oppure inviando la richiesta tramite il nostro form contatti. AL CHECK-IN NECESSITA VERSAMENTO DEPOSITO CAUZIONALE DI EURO 1.000,00 CONTANTI ( Verr\u00e0 restituito alla partenza salvo danni )<\/h4><form class=\"ffb-id-2987j110 fg-text-dark\" action=\"https:\/\/www.paypal.com\/cgi-bin\/webscr\" method=\"post\" target=\"_top\" data-trp-original-action=\"https:\/\/www.paypal.com\/cgi-bin\/webscr\"><input alt=\"PayPal \u00e8 il metodo rapido e sicuro per pagare e farsi pagare online.\" name=\"submit\" src=\"https:\/\/www.paypalobjects.com\/it_IT\/IT\/i\/btn\/btn_buynowCC_LG.gif\" type=\"image\" \/>\u00a0<img decoding=\"async\" src=\"https:\/\/www.paypalobjects.com\/it_IT\/i\/scr\/pixel.gif\" alt=\"\" width=\"1\" height=\"1\" border=\"0\" \/><input type=\"hidden\" name=\"trp-form-language\" value=\"en\"\/><\/form><p><img decoding=\"async\" src=\"https:\/\/www.paypalobjects.com\/it_IT\/i\/scr\/pixel.gif\" alt=\"\" width=\"1\" height=\"1\" border=\"0\" \/><em><strong>Richiedendo una prenotazione presso Colle dell\u2019Asinello si dichiara di aver preso visione della nostra Cancellation <\/strong><\/em><\/p><p><em><strong>Policy di seguito:<\/strong><\/em>\u00a0Per prenotazioni effettuate nel\u00a0 2022 ,Possibile la\u00a0 cancellazione dal momento della conferma prenotazione fino a 15 gg prima del giorno di inizio soggiorno, pena la perdita della caparra versata.\u00a0<em>Informiamo che per eventuali cancellazioni, comunicate dalla prenotazione e fino a\u00a0 15 gg. prima dell\u2019arrivo , il deposito versato viene restituito solo per eventuali restrizioni COVID\u00a0<\/em>\u00a0<em>Per cancellazioni da 15 a 01 gg prima del giorno di inizio soggiorno o no-show : quota da pagare pari al 100% del totale.<\/em><\/p>\t\t\t\t\t\t<\/div>\n\t\t\t\t<\/div>\n\t\t\t\t\t<\/div>\n\t\t\t\t<\/div>\n\t\t<div class=\"elementor-element elementor-element-5566b5e0 e-con-full e-flex e-con e-parent\" data-id=\"5566b5e0\" data-element_type=\"container\" data-settings=\"{&quot;content_width&quot;:&quot;full&quot;,&quot;background_background&quot;:&quot;classic&quot;}\" data-core-v316-plus=\"true\">\n\t\t\t\t<div class=\"elementor-element elementor-element-59010b12 elementor-widget__width-inherit elementor-widget elementor-widget-ld_carousel\" data-id=\"59010b12\" data-element_type=\"widget\" data-widget_type=\"ld_carousel.default\">\n\t\t\t\t<div class=\"elementor-widget-container\">\n\t\t\t\n\t\t<div class=\"carousel-container pos-rel carousel-nav-shaped\" id=\"\" >\n\n\t\t\t<div class=\"carousel-items pos-rel\"  data-lqd-flickity='{\"marquee\":true,\"percentPosition\":false,\"columnsAutoWidth\":true,\"marqueeTickerSpeed\":\"1.2\",\"pauseAutoPlayOnHover\":false}'>\n\n\t\t\t\t\t\t\t\t<div class=\"flickity-viewport pos-rel w-100 overflow-hidden\">\n\t\t\t\t\t<div class=\"flickity-slider d-flex w-100 h-100 pos-rel align-items-start\" style=\"left: 0; transform: translateX(0%);\">\n\t\t\t\t\t\t\t\t\t\t\t\t\t<div class=\"carousel-item d-flex flex-column justify-content-center elementor-repeater-item-f0a32aa\">\n\t\t\t\t\t\t\t\t<div class=\"carousel-item-inner pos-rel w-100\">\n\t\t\t\t\t\t\t\t\t<div class=\"carousel-item-content pos-rel w-100\">\n\n\t\t\t\t\t\t\t\t\t\t<div class=\"h4\" style=\"color: inherit;\">\u2022 Heated Swimming Pool<\/div>\t\t\t\t\t\t\t\t\t<\/div>\n\t\t\t\t\t\t\t\t<\/div>\n\t\t\t\t\t\t\t<\/div>\n\t\t\t\t\t\t\t\t\t\t\t\t\t<div class=\"carousel-item d-flex flex-column justify-content-center elementor-repeater-item-6e1a18d\">\n\t\t\t\t\t\t\t\t<div class=\"carousel-item-inner pos-rel w-100\">\n\t\t\t\t\t\t\t\t\t<div class=\"carousel-item-content pos-rel w-100\">\n\n\t\t\t\t\t\t\t\t\t\t<div class=\"h4\" style=\"color: inherit;\">\u2022 Hot Tub<\/div>\t\t\t\t\t\t\t\t\t<\/div>\n\t\t\t\t\t\t\t\t<\/div>\n\t\t\t\t\t\t\t<\/div>\n\t\t\t\t\t\t\t\t\t\t\t\t\t<div class=\"carousel-item d-flex flex-column justify-content-center elementor-repeater-item-4c692e5\">\n\t\t\t\t\t\t\t\t<div class=\"carousel-item-inner pos-rel w-100\">\n\t\t\t\t\t\t\t\t\t<div class=\"carousel-item-content pos-rel w-100\">\n\n\t\t\t\t\t\t\t\t\t\t<div class=\"h4\" style=\"color: inherit;\">\u2022 Private SPA<\/div>\t\t\t\t\t\t\t\t\t<\/div>\n\t\t\t\t\t\t\t\t<\/div>\n\t\t\t\t\t\t\t<\/div>\n\t\t\t\t\t\t\t\t\t\t\t\t\t<div class=\"carousel-item d-flex flex-column justify-content-center elementor-repeater-item-0da94e4\">\n\t\t\t\t\t\t\t\t<div class=\"carousel-item-inner pos-rel w-100\">\n\t\t\t\t\t\t\t\t\t<div class=\"carousel-item-content pos-rel w-100\">\n\n\t\t\t\t\t\t\t\t\t\t<div class=\"h4\" style=\"color: inherit;\">\u2022 Massage Villa<\/div>\t\t\t\t\t\t\t\t\t<\/div>\n\t\t\t\t\t\t\t\t<\/div>\n\t\t\t\t\t\t\t<\/div>\n\t\t\t\t\t\t\t\t\t\t\t\t\t<div class=\"carousel-item d-flex flex-column justify-content-center elementor-repeater-item-a35230b\">\n\t\t\t\t\t\t\t\t<div class=\"carousel-item-inner pos-rel w-100\">\n\t\t\t\t\t\t\t\t\t<div class=\"carousel-item-content pos-rel w-100\">\n\n\t\t\t\t\t\t\t\t\t\t<div class=\"h4\" style=\"color: inherit;\">\u2022 Welcome Food Pack<\/div>\t\t\t\t\t\t\t\t\t<\/div>\n\t\t\t\t\t\t\t\t<\/div>\n\t\t\t\t\t\t\t<\/div>\n\t\t\t\t\t\t\t\t\t\t\t\t\t<div class=\"carousel-item d-flex flex-column justify-content-center elementor-repeater-item-a1078c5\">\n\t\t\t\t\t\t\t\t<div class=\"carousel-item-inner pos-rel w-100\">\n\t\t\t\t\t\t\t\t\t<div class=\"carousel-item-content pos-rel w-100\">\n\n\t\t\t\t\t\t\t\t\t\t<div class=\"h4\" style=\"color: inherit;\">\u2022 Chef Villa<\/div>\t\t\t\t\t\t\t\t\t<\/div>\n\t\t\t\t\t\t\t\t<\/div>\n\t\t\t\t\t\t\t<\/div>\n\t\t\t\t\t\t\t\t\t\t\t\t\t<div class=\"carousel-item d-flex flex-column justify-content-center elementor-repeater-item-eac1892\">\n\t\t\t\t\t\t\t\t<div class=\"carousel-item-inner pos-rel w-100\">\n\t\t\t\t\t\t\t\t\t<div class=\"carousel-item-content pos-rel w-100\">\n\n\t\t\t\t\t\t\t\t\t\t<div class=\"h4\" style=\"color: inherit;\">\u2022 Formula hotel<\/div>\t\t\t\t\t\t\t\t\t<\/div>\n\t\t\t\t\t\t\t\t<\/div>\n\t\t\t\t\t\t\t<\/div>\n\t\t\t\t\t\t\t\t\t\t\t\t\t<div class=\"carousel-item d-flex flex-column justify-content-center elementor-repeater-item-59ac257\">\n\t\t\t\t\t\t\t\t<div class=\"carousel-item-inner pos-rel w-100\">\n\t\t\t\t\t\t\t\t\t<div class=\"carousel-item-content pos-rel w-100\">\n\n\t\t\t\t\t\t\t\t\t\t<div class=\"h4\" style=\"color: inherit;\">\u2022 Baby-Sitter<\/div>\t\t\t\t\t\t\t\t\t<\/div>\n\t\t\t\t\t\t\t\t<\/div>\n\t\t\t\t\t\t\t<\/div>\n\t\t\t\t\t\t\t\t\t\t\t<\/div>\n\t\t\t\t<\/div>\n\t\t\t<\/div>\n\t\t\t\n\t\t\t\n\t\t<\/div>\n\t\t\t\t<\/div>\n\t\t\t\t<\/div>\n\t\t\t\t<\/div>\n\t\t<div class=\"elementor-element elementor-element-9066b3d e-con-full e-flex e-con e-parent\" data-id=\"9066b3d\" data-element_type=\"container\" data-settings=\"{&quot;content_width&quot;:&quot;full&quot;}\" data-core-v316-plus=\"true\">\n\t\t\t\t<div class=\"elementor-element elementor-element-d4c91ec elementor-widget elementor-widget-gallery\" data-id=\"d4c91ec\" data-element_type=\"widget\" data-settings=\"{&quot;columns_mobile&quot;:2,&quot;gap&quot;:{&quot;unit&quot;:&quot;px&quot;,&quot;size&quot;:0,&quot;sizes&quot;:[]},&quot;gap_mobile&quot;:{&quot;unit&quot;:&quot;px&quot;,&quot;size&quot;:0,&quot;sizes&quot;:[]},&quot;lazyload&quot;:&quot;yes&quot;,&quot;gallery_layout&quot;:&quot;grid&quot;,&quot;columns&quot;:4,&quot;columns_tablet&quot;:2,&quot;gap_tablet&quot;:{&quot;unit&quot;:&quot;px&quot;,&quot;size&quot;:10,&quot;sizes&quot;:[]},&quot;link_to&quot;:&quot;file&quot;,&quot;aspect_ratio&quot;:&quot;3:2&quot;,&quot;overlay_background&quot;:&quot;yes&quot;,&quot;content_hover_animation&quot;:&quot;fade-in&quot;}\" data-widget_type=\"gallery.default\">\n\t\t\t\t<div class=\"elementor-widget-container\">\n\t\t\t\t\t<div class=\"elementor-gallery__container\">\n\t\t\t\t\t\t\t<a class=\"e-gallery-item elementor-gallery-item elementor-animated-content\" href=\"https:\/\/colledellasinello.com\/wp-content\/uploads\/2023\/10\/ci-noni-1170x658-1.jpg\" data-elementor-open-lightbox=\"yes\" data-elementor-lightbox-slideshow=\"d4c91ec\" data-elementor-lightbox-title=\"ci-noni-1170x658 (1)\" data-e-action-hash=\"#elementor-action%3Aaction%3Dlightbox%26settings%3DeyJpZCI6NjAyNywidXJsIjoiaHR0cHM6XC9cL2NvbGxlZGVsbGFzaW5lbGxvLmNvbVwvd3AtY29udGVudFwvdXBsb2Fkc1wvMjAyM1wvMTBcL2NpLW5vbmktMTE3MHg2NTgtMS5qcGciLCJzbGlkZXNob3ciOiJkNGM5MWVjIn0%3D\">\n\t\t\t\t\t<div class=\"e-gallery-image elementor-gallery-item__image\" data-thumbnail=\"https:\/\/colledellasinello.com\/wp-content\/uploads\/2023\/10\/ci-noni-1170x658-1-300x169.jpg\" data-width=\"300\" data-height=\"169\" aria-label=\"\" role=\"img\" ><\/div>\n\t\t\t\t\t\t\t\t\t\t\t<div class=\"elementor-gallery-item__overlay\"><\/div>\n\t\t\t\t\t\t\t\t\t\t\t\t\t\t<\/a>\n\t\t\t\t\t\t\t<a class=\"e-gallery-item elementor-gallery-item elementor-animated-content\" href=\"https:\/\/colledellasinello.com\/wp-content\/uploads\/2023\/10\/DSC_0335-1.jpg\" data-elementor-open-lightbox=\"yes\" data-elementor-lightbox-slideshow=\"d4c91ec\" data-elementor-lightbox-title=\"DSC_0335-1\" data-e-action-hash=\"#elementor-action%3Aaction%3Dlightbox%26settings%3DeyJpZCI6NjAyNiwidXJsIjoiaHR0cHM6XC9cL2NvbGxlZGVsbGFzaW5lbGxvLmNvbVwvd3AtY29udGVudFwvdXBsb2Fkc1wvMjAyM1wvMTBcL0RTQ18wMzM1LTEuanBnIiwic2xpZGVzaG93IjoiZDRjOTFlYyJ9\">\n\t\t\t\t\t<div class=\"e-gallery-image elementor-gallery-item__image\" data-thumbnail=\"https:\/\/colledellasinello.com\/wp-content\/uploads\/2023\/10\/DSC_0335-1-300x200.jpg\" data-width=\"300\" data-height=\"200\" aria-label=\"\" role=\"img\" ><\/div>\n\t\t\t\t\t\t\t\t\t\t\t<div class=\"elementor-gallery-item__overlay\"><\/div>\n\t\t\t\t\t\t\t\t\t\t\t\t\t\t<\/a>\n\t\t\t\t\t\t\t<a class=\"e-gallery-item elementor-gallery-item elementor-animated-content\" href=\"https:\/\/colledellasinello.com\/wp-content\/uploads\/2023\/10\/colledellasinello_1-2.jpg\" data-elementor-open-lightbox=\"yes\" data-elementor-lightbox-slideshow=\"d4c91ec\" data-elementor-lightbox-title=\"colledellasinello_1-2\" data-e-action-hash=\"#elementor-action%3Aaction%3Dlightbox%26settings%3DeyJpZCI6NjAyNSwidXJsIjoiaHR0cHM6XC9cL2NvbGxlZGVsbGFzaW5lbGxvLmNvbVwvd3AtY29udGVudFwvdXBsb2Fkc1wvMjAyM1wvMTBcL2NvbGxlZGVsbGFzaW5lbGxvXzEtMi5qcGciLCJzbGlkZXNob3ciOiJkNGM5MWVjIn0%3D\">\n\t\t\t\t\t<div class=\"e-gallery-image elementor-gallery-item__image\" data-thumbnail=\"https:\/\/colledellasinello.com\/wp-content\/uploads\/2023\/10\/colledellasinello_1-2-300x200.jpg\" data-width=\"300\" data-height=\"200\" aria-label=\"\" role=\"img\" ><\/div>\n\t\t\t\t\t\t\t\t\t\t\t<div class=\"elementor-gallery-item__overlay\"><\/div>\n\t\t\t\t\t\t\t\t\t\t\t\t\t\t<\/a>\n\t\t\t\t\t\t\t<a class=\"e-gallery-item elementor-gallery-item elementor-animated-content\" href=\"https:\/\/colledellasinello.com\/wp-content\/uploads\/2023\/10\/colle-dellasinello.jpg\" data-elementor-open-lightbox=\"yes\" data-elementor-lightbox-slideshow=\"d4c91ec\" data-elementor-lightbox-title=\"colle-dellasinello\" data-e-action-hash=\"#elementor-action%3Aaction%3Dlightbox%26settings%3DeyJpZCI6NjAyNCwidXJsIjoiaHR0cHM6XC9cL2NvbGxlZGVsbGFzaW5lbGxvLmNvbVwvd3AtY29udGVudFwvdXBsb2Fkc1wvMjAyM1wvMTBcL2NvbGxlLWRlbGxhc2luZWxsby5qcGciLCJzbGlkZXNob3ciOiJkNGM5MWVjIn0%3D\">\n\t\t\t\t\t<div class=\"e-gallery-image elementor-gallery-item__image\" data-thumbnail=\"https:\/\/colledellasinello.com\/wp-content\/uploads\/2023\/10\/colle-dellasinello-300x169.jpg\" data-width=\"300\" data-height=\"169\" aria-label=\"\" role=\"img\" ><\/div>\n\t\t\t\t\t\t\t\t\t\t\t<div class=\"elementor-gallery-item__overlay\"><\/div>\n\t\t\t\t\t\t\t\t\t\t\t\t\t\t<\/a>\n\t\t\t\t\t\t\t<a class=\"e-gallery-item elementor-gallery-item elementor-animated-content\" href=\"https:\/\/colledellasinello.com\/wp-content\/uploads\/2023\/10\/C5549-1-1170x780-1.jpg\" data-elementor-open-lightbox=\"yes\" data-elementor-lightbox-slideshow=\"d4c91ec\" data-elementor-lightbox-title=\"C5549-1-1170x780\" data-e-action-hash=\"#elementor-action%3Aaction%3Dlightbox%26settings%3DeyJpZCI6NjAyMywidXJsIjoiaHR0cHM6XC9cL2NvbGxlZGVsbGFzaW5lbGxvLmNvbVwvd3AtY29udGVudFwvdXBsb2Fkc1wvMjAyM1wvMTBcL0M1NTQ5LTEtMTE3MHg3ODAtMS5qcGciLCJzbGlkZXNob3ciOiJkNGM5MWVjIn0%3D\">\n\t\t\t\t\t<div class=\"e-gallery-image elementor-gallery-item__image\" data-thumbnail=\"https:\/\/colledellasinello.com\/wp-content\/uploads\/2023\/10\/C5549-1-1170x780-1-300x200.jpg\" data-width=\"300\" data-height=\"200\" aria-label=\"\" role=\"img\" ><\/div>\n\t\t\t\t\t\t\t\t\t\t\t<div class=\"elementor-gallery-item__overlay\"><\/div>\n\t\t\t\t\t\t\t\t\t\t\t\t\t\t<\/a>\n\t\t\t\t\t\t\t<a class=\"e-gallery-item elementor-gallery-item elementor-animated-content\" href=\"https:\/\/colledellasinello.com\/wp-content\/uploads\/2023\/10\/C6445-1-1170x776-1.jpg\" data-elementor-open-lightbox=\"yes\" data-elementor-lightbox-slideshow=\"d4c91ec\" data-elementor-lightbox-title=\"C6445-1-1170x776\" data-e-action-hash=\"#elementor-action%3Aaction%3Dlightbox%26settings%3DeyJpZCI6NjAyMiwidXJsIjoiaHR0cHM6XC9cL2NvbGxlZGVsbGFzaW5lbGxvLmNvbVwvd3AtY29udGVudFwvdXBsb2Fkc1wvMjAyM1wvMTBcL0M2NDQ1LTEtMTE3MHg3NzYtMS5qcGciLCJzbGlkZXNob3ciOiJkNGM5MWVjIn0%3D\">\n\t\t\t\t\t<div class=\"e-gallery-image elementor-gallery-item__image\" data-thumbnail=\"https:\/\/colledellasinello.com\/wp-content\/uploads\/2023\/10\/C6445-1-1170x776-1-300x199.jpg\" data-width=\"300\" data-height=\"199\" aria-label=\"\" role=\"img\" ><\/div>\n\t\t\t\t\t\t\t\t\t\t\t<div class=\"elementor-gallery-item__overlay\"><\/div>\n\t\t\t\t\t\t\t\t\t\t\t\t\t\t<\/a>\n\t\t\t\t\t\t\t<a class=\"e-gallery-item elementor-gallery-item elementor-animated-content\" href=\"https:\/\/colledellasinello.com\/wp-content\/uploads\/2023\/10\/DSC6017-1170x780-1.jpg\" data-elementor-open-lightbox=\"yes\" data-elementor-lightbox-slideshow=\"d4c91ec\" data-elementor-lightbox-title=\"DSC6017-1170x780-1\" data-e-action-hash=\"#elementor-action%3Aaction%3Dlightbox%26settings%3DeyJpZCI6NjAxOSwidXJsIjoiaHR0cHM6XC9cL2NvbGxlZGVsbGFzaW5lbGxvLmNvbVwvd3AtY29udGVudFwvdXBsb2Fkc1wvMjAyM1wvMTBcL0RTQzYwMTctMTE3MHg3ODAtMS5qcGciLCJzbGlkZXNob3ciOiJkNGM5MWVjIn0%3D\">\n\t\t\t\t\t<div class=\"e-gallery-image elementor-gallery-item__image\" data-thumbnail=\"https:\/\/colledellasinello.com\/wp-content\/uploads\/2023\/10\/DSC6017-1170x780-1-300x200.jpg\" data-width=\"300\" data-height=\"200\" aria-label=\"\" role=\"img\" ><\/div>\n\t\t\t\t\t\t\t\t\t\t\t<div class=\"elementor-gallery-item__overlay\"><\/div>\n\t\t\t\t\t\t\t\t\t\t\t\t\t\t<\/a>\n\t\t\t\t\t\t\t<a class=\"e-gallery-item elementor-gallery-item elementor-animated-content\" href=\"https:\/\/colledellasinello.com\/wp-content\/uploads\/2023\/10\/C5469-1-1170x780-1.jpg\" data-elementor-open-lightbox=\"yes\" data-elementor-lightbox-slideshow=\"d4c91ec\" data-elementor-lightbox-title=\"C5469-1-1170x780\" data-e-action-hash=\"#elementor-action%3Aaction%3Dlightbox%26settings%3DeyJpZCI6NjAyMCwidXJsIjoiaHR0cHM6XC9cL2NvbGxlZGVsbGFzaW5lbGxvLmNvbVwvd3AtY29udGVudFwvdXBsb2Fkc1wvMjAyM1wvMTBcL0M1NDY5LTEtMTE3MHg3ODAtMS5qcGciLCJzbGlkZXNob3ciOiJkNGM5MWVjIn0%3D\">\n\t\t\t\t\t<div class=\"e-gallery-image elementor-gallery-item__image\" data-thumbnail=\"https:\/\/colledellasinello.com\/wp-content\/uploads\/2023\/10\/C5469-1-1170x780-1-300x200.jpg\" data-width=\"300\" data-height=\"200\" aria-label=\"\" role=\"img\" ><\/div>\n\t\t\t\t\t\t\t\t\t\t\t<div class=\"elementor-gallery-item__overlay\"><\/div>\n\t\t\t\t\t\t\t\t\t\t\t\t\t\t<\/a>\n\t\t\t\t\t<\/div>\n\t\t\t<\/div>\n\t\t\t\t<\/div>\n\t\t\t\t<\/div>\n\t\t\t\t\t\t\t<\/div>","protected":false},"excerpt":{"rendered":"<p>Condizione e Pagamenti Per effettuare una richiesta di prenotazione si prega di utilizzare i nostri contatti o l\u2019apposito\u00a0form Contatti.\u00a0Saranno richiesti Vs dati per ultimare la procedura di prenotazione e quindi verr\u00e0 inviato al Vs indirizzo e-mail l\u2019apposito\u00a0\u201cModulo di Conferma prenotazione\u201d\u00a0contenente i dati cliente, il prezzo per il soggiorno e le modalit\u00e0 e termini di pagamento. [&hellip;]<\/p>","protected":false},"author":1,"featured_media":0,"parent":0,"menu_order":0,"comment_status":"closed","ping_status":"closed","template":"","meta":{"footnotes":""},"_links":{"self":[{"href":"https:\/\/colledellasinello.com\/en\/wp-json\/wp\/v2\/pages\/416"}],"collection":[{"href":"https:\/\/colledellasinello.com\/en\/wp-json\/wp\/v2\/pages"}],"about":[{"href":"https:\/\/colledellasinello.com\/en\/wp-json\/wp\/v2\/types\/page"}],"author":[{"embeddable":true,"href":"https:\/\/colledellasinello.com\/en\/wp-json\/wp\/v2\/users\/1"}],"replies":[{"embeddable":true,"href":"https:\/\/colledellasinello.com\/en\/wp-json\/wp\/v2\/comments?post=416"}],"version-history":[{"count":15,"href":"https:\/\/colledellasinello.com\/en\/wp-json\/wp\/v2\/pages\/416\/revisions"}],"predecessor-version":[{"id":6314,"href":"https:\/\/colledellasinello.com\/en\/wp-json\/wp\/v2\/pages\/416\/revisions\/6314"}],"wp:attachment":[{"href":"https:\/\/colledellasinello.com\/en\/wp-json\/wp\/v2\/media?parent=416"}],"curies":[{"name":"wp","href":"https:\/\/api.w.org\/{rel}","templated":true}]}}